{"id":77,"date":"2025-12-27T11:48:32","date_gmt":"2025-12-27T11:48:32","guid":{"rendered":"https:\/\/astt-dz.com\/index.php\/axes-de-recherche\/"},"modified":"2026-01-21T10:56:44","modified_gmt":"2026-01-21T10:56:44","slug":"axes-de-recherche","status":"publish","type":"page","link":"https:\/\/astt-dz.com\/index.php\/axes-de-recherche\/","title":{"rendered":"Nos axes de recherche"},"content":{"rendered":"\n<div class=\"wp-block-group has-global-padding is-layout-constrained wp-container-core-group-is-layout-526627f6 wp-block-group-is-layout-constrained\" style=\"padding-top:var(--wp--preset--spacing--80);padding-right:var(--wp--preset--spacing--30);padding-bottom:var(--wp--preset--spacing--80);padding-left:var(--wp--preset--spacing--30)\">\n<div class=\"wp-block-group has-global-padding is-layout-constrained wp-container-core-group-is-layout-526627f6 wp-block-group-is-layout-constrained\" style=\"padding-top:var(--wp--preset--spacing--80);padding-right:var(--wp--preset--spacing--30);padding-bottom:var(--wp--preset--spacing--80);padding-left:var(--wp--preset--spacing--30)\">\n<div class=\"wp-block-columns is-layout-flex wp-container-core-columns-is-layout-f75fd3cf wp-block-columns-is-layout-flex\" style=\"padding-top:var(--wp--preset--spacing--60)\">\n\n\n<div class=\"wp-block-column has-box-shadow is-layout-flow wp-block-column-is-layout-flow\" style=\"border-radius:15px;padding-top:var(--wp--preset--spacing--60);padding-right:var(--wp--preset--spacing--60);padding-bottom:var(--wp--preset--spacing--60);padding-left:var(--wp--preset--spacing--60)\">\n<div class=\"wp-block-group is-nowrap is-layout-flex wp-container-core-group-is-layout-6c531013 wp-block-group-is-layout-flex\">\n<div class=\"wp-block-group has-background has-global-padding is-layout-constrained wp-container-core-group-is-layout-52009084 wp-block-group-is-layout-constrained\" style=\"border-radius:16px;background-color:#e6f2f1;padding-top:var(--wp--preset--spacing--40);padding-right:var(--wp--preset--spacing--40);padding-bottom:var(--wp--preset--spacing--40);padding-left:var(--wp--preset--spacing--40)\">\n<figure class=\"wp-block-image aligncenter size-full is-resized\"><img fetchpriority=\"high\" decoding=\"async\" width=\"1024\" height=\"1024\" src=\"http:\/\/astt-dz.com\/wp-content\/uploads\/2026\/01\/ChatGPT-Image-2-janv.-2026-09_42_44.png\" alt=\"\" class=\"wp-image-414\" style=\"width:86px;height:auto\" srcset=\"https:\/\/astt-dz.com\/wp-content\/uploads\/2026\/01\/ChatGPT-Image-2-janv.-2026-09_42_44.png 1024w, https:\/\/astt-dz.com\/wp-content\/uploads\/2026\/01\/ChatGPT-Image-2-janv.-2026-09_42_44-300x300.png 300w, https:\/\/astt-dz.com\/wp-content\/uploads\/2026\/01\/ChatGPT-Image-2-janv.-2026-09_42_44-150x150.png 150w, https:\/\/astt-dz.com\/wp-content\/uploads\/2026\/01\/ChatGPT-Image-2-janv.-2026-09_42_44-768x768.png 768w\" sizes=\"(max-width: 1024px) 100vw, 1024px\" \/><\/figure>\n<\/div>\n<\/div>\n\n\n\n<h2 class=\"wp-block-heading has-text-color has-link-color wp-elements-d94482bd881c0aae11c3c404e77fbda4\" style=\"color:#003a36;margin-top:var(--wp--preset--spacing--40);margin-bottom:var(--wp--preset--spacing--40);font-size:clamp(15.747px, 0.984rem + ((1vw - 3.2px) * 0.842), 24px);font-style:normal;font-weight:700\">\u00c9nergie, Industrie, &amp; syst\u00e8mes de production<\/h2>\n\n\n\n<p class=\"has-text-color has-link-color has-inter-font-family wp-elements-1c9f7776929c43ed5740220896926dc9\" style=\"color:#444d4d;margin-top:var(--wp--preset--spacing--20);font-size:clamp(0.875rem, 0.875rem + ((1vw - 0.2rem) * 0.204), 1rem);line-height:1.5\"><span class=\"has-superb-addons-text-align-justify\">Accompagner la transition \u00e9nerg\u00e9tique et la modernisation industrielle au service d\u2019un d\u00e9veloppement durable et souverain.<\/span><\/p>\n\n\n\n<div class=\"wp-block-group has-global-padding is-layout-constrained wp-container-core-group-is-layout-94e0f4c8 wp-block-group-is-layout-constrained\" style=\"padding-top:var(--wp--preset--spacing--20)\">\n<p class=\"list\">\u00c9nergies renouvelables, hydrog\u00e8ne vert et efficacit\u00e9 \u00e9nerg\u00e9tique<\/p>\n\n\n\n<p class=\"list\">Syst\u00e8mes industriels intelligents, \u00e9lectronique et robotique<\/p>\n\n\n\n<p class=\"list\">Innovation technologique et comp\u00e9titivit\u00e9 industrielle<\/p>\n\n\n\n<p class=\"list\">Environnement, durabilit\u00e9 et transition des territoires productifs<\/p>\n<\/div>\n\n\n\n<div class=\"wp-block-group is-nowrap is-layout-flex wp-container-core-group-is-layout-92577595 wp-block-group-is-layout-flex\" style=\"padding-top:var(--wp--preset--spacing--20)\">\n<h2 class=\"wp-block-heading has-theme-color has-text-color has-link-color wp-elements-310738cb78ba418da2975b4f03394467\" style=\"font-size:clamp(14px, 0.875rem + ((1vw - 3.2px) * 0.306), 17px);\"><strong><a href=\"https:\/\/astt-dz.com\/index.php\/axe-2\/\" data-type=\"page\" data-id=\"140\">D\u00e9couvrir<\/a><\/strong><\/h2>\n<\/div>\n<\/div>\n\n\n\n<div class=\"wp-block-column has-box-shadow is-layout-flow wp-block-column-is-layout-flow\" style=\"border-radius:15px;padding-top:var(--wp--preset--spacing--60);padding-right:var(--wp--preset--spacing--60);padding-bottom:var(--wp--preset--spacing--60);padding-left:var(--wp--preset--spacing--60)\">\n<div class=\"wp-block-group is-nowrap is-layout-flex wp-container-core-group-is-layout-6c531013 wp-block-group-is-layout-flex\">\n<div class=\"wp-block-group has-background has-global-padding is-layout-constrained wp-container-core-group-is-layout-52009084 wp-block-group-is-layout-constrained\" style=\"border-radius:16px;background-color:#e6f2f1;padding-top:var(--wp--preset--spacing--40);padding-right:var(--wp--preset--spacing--40);padding-bottom:var(--wp--preset--spacing--40);padding-left:var(--wp--preset--spacing--40)\">\n<figure class=\"wp-block-image aligncenter size-full is-resized\"><img decoding=\"async\" width=\"1024\" height=\"1024\" src=\"http:\/\/astt-dz.com\/wp-content\/uploads\/2026\/01\/ChatGPT-Image-2-janv.-2026-17_53_49.png\" alt=\"\" class=\"wp-image-433\" style=\"width:84px;height:auto\" srcset=\"https:\/\/astt-dz.com\/wp-content\/uploads\/2026\/01\/ChatGPT-Image-2-janv.-2026-17_53_49.png 1024w, https:\/\/astt-dz.com\/wp-content\/uploads\/2026\/01\/ChatGPT-Image-2-janv.-2026-17_53_49-300x300.png 300w, https:\/\/astt-dz.com\/wp-content\/uploads\/2026\/01\/ChatGPT-Image-2-janv.-2026-17_53_49-150x150.png 150w, https:\/\/astt-dz.com\/wp-content\/uploads\/2026\/01\/ChatGPT-Image-2-janv.-2026-17_53_49-768x768.png 768w\" sizes=\"(max-width: 1024px) 100vw, 1024px\" \/><\/figure>\n<\/div>\n<\/div>\n\n\n\n<h2 class=\"wp-block-heading has-text-color has-link-color wp-elements-4fd46730ea27011cddb231fba6aa089f\" style=\"color:#003a36;margin-top:var(--wp--preset--spacing--40);margin-bottom:var(--wp--preset--spacing--40);font-size:clamp(15.747px, 0.984rem + ((1vw - 3.2px) * 0.842), 24px);font-style:normal;font-weight:700\">Agriculture &amp; S\u00e9curit\u00e9 Alimentaire <\/h2>\n\n\n\n<p class=\"has-text-color has-link-color has-inter-font-family wp-elements-4b743ccd2e0ad0b1105a36ea74e8aa21\" style=\"color:#444d4d;margin-top:var(--wp--preset--spacing--20);font-size:clamp(0.875rem, 0.875rem + ((1vw - 0.2rem) * 0.204), 1rem);line-height:1.5\"><span class=\"has-superb-addons-text-align-justify\">Renforcer la s\u00e9curit\u00e9 alimentaire nationale par l\u2019innovation, la durabilit\u00e9 et la r\u00e9silience des syst\u00e8mes agricoles, au service de la souverainet\u00e9 alimentaire.<\/span><\/p>\n\n\n\n<div class=\"wp-block-group has-global-padding is-layout-constrained wp-container-core-group-is-layout-94e0f4c8 wp-block-group-is-layout-constrained\" style=\"padding-top:var(--wp--preset--spacing--20)\">\n<p class=\"list\">Agriculture intelligente, num\u00e9rique et technologies vertes<\/p>\n\n\n\n<p class=\"list\">Gestion durable des ressources naturelles (eau, sols, biodiversit\u00e9)<\/p>\n\n\n\n<p class=\"list\">S\u00e9curit\u00e9 alimentaire, souverainet\u00e9 et r\u00e9silience des territoires ruraux<\/p>\n\n\n\n<p class=\"list\">Adaptation de l\u2019agriculture au changement climatique<\/p>\n<\/div>\n\n\n\n<div class=\"wp-block-group is-nowrap is-layout-flex wp-container-core-group-is-layout-92577595 wp-block-group-is-layout-flex\" style=\"padding-top:var(--wp--preset--spacing--20)\">\n<h2 class=\"wp-block-heading has-theme-color has-text-color has-link-color wp-elements-6389bee1c3683f01359d0c40fe43aaba\" style=\"font-size:clamp(14px, 0.875rem + ((1vw - 3.2px) * 0.306), 17px);\"><strong><a href=\"https:\/\/astt-dz.com\/index.php\/axe-3\/\" data-type=\"page\" data-id=\"145\">D\u00e9couvrir<\/a><\/strong><\/h2>\n<\/div>\n<\/div>\n<\/div>\n\n\n\n<div class=\"wp-block-columns is-layout-flex wp-container-core-columns-is-layout-f75fd3cf wp-block-columns-is-layout-flex\" style=\"padding-top:var(--wp--preset--spacing--60)\">\n<div class=\"wp-block-column has-box-shadow is-layout-flow wp-block-column-is-layout-flow\" style=\"border-radius:15px;padding-top:var(--wp--preset--spacing--60);padding-right:var(--wp--preset--spacing--60);padding-bottom:var(--wp--preset--spacing--60);padding-left:var(--wp--preset--spacing--60)\">\n<div class=\"wp-block-group is-nowrap is-layout-flex wp-container-core-group-is-layout-6c531013 wp-block-group-is-layout-flex\">\n<div class=\"wp-block-group has-background has-global-padding is-layout-constrained wp-container-core-group-is-layout-52009084 wp-block-group-is-layout-constrained\" style=\"border-radius:16px;background-color:#e6f2f1;padding-top:var(--wp--preset--spacing--40);padding-right:var(--wp--preset--spacing--40);padding-bottom:var(--wp--preset--spacing--40);padding-left:var(--wp--preset--spacing--40)\">\n<figure class=\"wp-block-image aligncenter size-full is-resized\"><img decoding=\"async\" width=\"1024\" height=\"1024\" src=\"http:\/\/astt-dz.com\/wp-content\/uploads\/2026\/01\/ChatGPT-Image-2-janv.-2026-17_48_37.png\" alt=\"\" class=\"wp-image-428\" style=\"width:84px;height:auto\" srcset=\"https:\/\/astt-dz.com\/wp-content\/uploads\/2026\/01\/ChatGPT-Image-2-janv.-2026-17_48_37.png 1024w, https:\/\/astt-dz.com\/wp-content\/uploads\/2026\/01\/ChatGPT-Image-2-janv.-2026-17_48_37-300x300.png 300w, https:\/\/astt-dz.com\/wp-content\/uploads\/2026\/01\/ChatGPT-Image-2-janv.-2026-17_48_37-150x150.png 150w, https:\/\/astt-dz.com\/wp-content\/uploads\/2026\/01\/ChatGPT-Image-2-janv.-2026-17_48_37-768x768.png 768w\" sizes=\"(max-width: 1024px) 100vw, 1024px\" \/><\/figure>\n<\/div>\n<\/div>\n\n\n\n<h2 class=\"wp-block-heading has-text-color has-link-color wp-elements-7d5c5e85fb279207b573aeb206a3e433\" style=\"color:#003a36;margin-top:var(--wp--preset--spacing--40);margin-bottom:var(--wp--preset--spacing--40);font-size:clamp(15.747px, 0.984rem + ((1vw - 3.2px) * 0.842), 24px);font-style:normal;font-weight:700\">Sant\u00e9, Biotechnologies &amp; industrie pharmaceutique<\/h2>\n\n\n\n<p class=\"has-text-color has-link-color has-inter-font-family wp-elements-a6857af148ee98cebfa120029c3a5ce7\" style=\"color:#444d4d;margin-top:var(--wp--preset--spacing--20);font-size:clamp(0.875rem, 0.875rem + ((1vw - 0.2rem) * 0.204), 1rem);line-height:1.5\"><span class=\"has-superb-addons-text-align-justify\">Contribuer au renforcement du syst\u00e8me de sant\u00e9 par la recherche scientifique, l\u2019innovation technologique et le d\u00e9veloppement de l\u2019industrie de la sant\u00e9<\/span><\/p>\n\n\n\n<div class=\"wp-block-group has-global-padding is-layout-constrained wp-container-core-group-is-layout-94e0f4c8 wp-block-group-is-layout-constrained\" style=\"padding-top:var(--wp--preset--spacing--20)\">\n<p class=\"list\">Sant\u00e9 publique, pr\u00e9vention et \u00e9pid\u00e9miologie<\/p>\n\n\n\n<p class=\"list\">Biotechnologies, bio-ing\u00e9nierie et recherche biom\u00e9dicale<\/p>\n\n\n\n<p class=\"list\">Innovation m\u00e9dicale, e-sant\u00e9 et sant\u00e9 num\u00e9rique<\/p>\n\n\n\n<p class=\"list\">D\u00e9veloppement de l\u2019industrie pharmaceutique<\/p>\n<\/div>\n\n\n\n<div class=\"wp-block-group is-nowrap is-layout-flex wp-container-core-group-is-layout-92577595 wp-block-group-is-layout-flex\" style=\"padding-top:var(--wp--preset--spacing--20)\">\n<h2 class=\"wp-block-heading has-theme-color has-text-color has-link-color wp-elements-a03e8659807806172ff92bff16e4b7bf\" style=\"font-size:clamp(14px, 0.875rem + ((1vw - 3.2px) * 0.306), 17px);\"><strong><a href=\"https:\/\/astt-dz.com\/index.php\/axe-4\/\" data-type=\"page\" data-id=\"146\">D\u00e9couvrir<\/a><\/strong><\/h2>\n<\/div>\n<\/div>\n\n\n\n<div class=\"wp-block-column has-box-shadow is-layout-flow wp-block-column-is-layout-flow\" style=\"border-radius:15px;padding-top:var(--wp--preset--spacing--60);padding-right:var(--wp--preset--spacing--60);padding-bottom:var(--wp--preset--spacing--60);padding-left:var(--wp--preset--spacing--60)\">\n<div class=\"wp-block-group is-nowrap is-layout-flex wp-container-core-group-is-layout-6c531013 wp-block-group-is-layout-flex\">\n<div class=\"wp-block-group has-background has-global-padding is-layout-constrained wp-container-core-group-is-layout-52009084 wp-block-group-is-layout-constrained\" style=\"border-radius:16px;background-color:#e6f2f1;padding-top:var(--wp--preset--spacing--40);padding-right:var(--wp--preset--spacing--40);padding-bottom:var(--wp--preset--spacing--40);padding-left:var(--wp--preset--spacing--40)\">\n<figure class=\"wp-block-image aligncenter size-full is-resized\"><img loading=\"lazy\" decoding=\"async\" width=\"1024\" height=\"1024\" src=\"http:\/\/astt-dz.com\/wp-content\/uploads\/2026\/01\/ChatGPT-Image-2-janv.-2026-17_49_54.png\" alt=\"\" class=\"wp-image-430\" style=\"width:80px;height:auto\" srcset=\"https:\/\/astt-dz.com\/wp-content\/uploads\/2026\/01\/ChatGPT-Image-2-janv.-2026-17_49_54.png 1024w, https:\/\/astt-dz.com\/wp-content\/uploads\/2026\/01\/ChatGPT-Image-2-janv.-2026-17_49_54-300x300.png 300w, https:\/\/astt-dz.com\/wp-content\/uploads\/2026\/01\/ChatGPT-Image-2-janv.-2026-17_49_54-150x150.png 150w, https:\/\/astt-dz.com\/wp-content\/uploads\/2026\/01\/ChatGPT-Image-2-janv.-2026-17_49_54-768x768.png 768w\" sizes=\"(max-width: 1024px) 100vw, 1024px\" \/><\/figure>\n<\/div>\n<\/div>\n\n\n\n<h2 class=\"wp-block-heading has-text-color has-link-color wp-elements-b0ccbdef99e86b4d25861a1b56681c0a\" style=\"color:#003a36;margin-top:var(--wp--preset--spacing--40);margin-bottom:var(--wp--preset--spacing--40);font-size:clamp(15.747px, 0.984rem + ((1vw - 3.2px) * 0.842), 24px);font-style:normal;font-weight:700\">Transformation Num\u00e9rique &amp; Intelligence Artificielle<\/h2>\n\n\n\n<p class=\"has-text-color has-link-color has-inter-font-family wp-elements-52fd4726ef06b847035ae5a7bec9ae04\" style=\"color:#444d4d;margin-top:var(--wp--preset--spacing--20);font-size:clamp(0.875rem, 0.875rem + ((1vw - 0.2rem) * 0.204), 1rem);line-height:1.5\"><span class=\"has-superb-addons-text-align-justify\">Exploiter le num\u00e9rique et l\u2019intelligence artificielle comme leviers majeurs de modernisation de l\u2019\u00c9tat, de l\u2019\u00e9conomie et de la soci\u00e9t\u00e9.<\/span><\/p>\n\n\n\n<div class=\"wp-block-group has-global-padding is-layout-constrained wp-container-core-group-is-layout-94e0f4c8 wp-block-group-is-layout-constrained\" style=\"padding-top:var(--wp--preset--spacing--20)\">\n<p class=\"list\">Intelligence artificielle, science des donn\u00e9es et syst\u00e8mes intelligents<\/p>\n\n\n\n<p class=\"list\">Cybers\u00e9curit\u00e9, souverainet\u00e9 num\u00e9rique et gouvernance des donn\u00e9es<\/p>\n\n\n\n<p class=\"list\">Transformation num\u00e9rique des services publics<\/p>\n\n\n\n<p class=\"list\">Innovation digitale et \u00e9conomie du num\u00e9rique<\/p>\n<\/div>\n\n\n\n<div class=\"wp-block-group is-nowrap is-layout-flex wp-container-core-group-is-layout-92577595 wp-block-group-is-layout-flex\" style=\"padding-top:var(--wp--preset--spacing--20)\">\n<h2 class=\"wp-block-heading has-theme-color has-text-color has-link-color wp-elements-9fbc860a6423063284678feb9ad0fbae\" style=\"font-size:clamp(14px, 0.875rem + ((1vw - 3.2px) * 0.306), 17px);\"><strong><a href=\"https:\/\/astt-dz.com\/index.php\/axe-5\/\" data-type=\"page\" data-id=\"135\">D\u00e9couvrir<\/a><\/strong><\/h2>\n<\/div>\n<\/div>\n\n\n\n<div class=\"wp-block-column has-box-shadow is-layout-flow wp-block-column-is-layout-flow\" style=\"border-radius:15px;padding-top:var(--wp--preset--spacing--60);padding-right:var(--wp--preset--spacing--60);padding-bottom:var(--wp--preset--spacing--60);padding-left:var(--wp--preset--spacing--60)\">\n<div class=\"wp-block-group is-nowrap is-layout-flex wp-container-core-group-is-layout-6c531013 wp-block-group-is-layout-flex\">\n<div class=\"wp-block-group has-background has-global-padding is-layout-constrained wp-container-core-group-is-layout-52009084 wp-block-group-is-layout-constrained\" style=\"border-radius:16px;background-color:#e6f2f1;padding-top:var(--wp--preset--spacing--40);padding-right:var(--wp--preset--spacing--40);padding-bottom:var(--wp--preset--spacing--40);padding-left:var(--wp--preset--spacing--40)\">\n<figure class=\"wp-block-image aligncenter size-full is-resized\"><img loading=\"lazy\" decoding=\"async\" width=\"1024\" height=\"1024\" src=\"http:\/\/astt-dz.com\/wp-content\/uploads\/2026\/01\/ChatGPT-Image-2-janv.-2026-17_50_55.png\" alt=\"\" class=\"wp-image-431\" style=\"width:74px;height:auto\" srcset=\"https:\/\/astt-dz.com\/wp-content\/uploads\/2026\/01\/ChatGPT-Image-2-janv.-2026-17_50_55.png 1024w, https:\/\/astt-dz.com\/wp-content\/uploads\/2026\/01\/ChatGPT-Image-2-janv.-2026-17_50_55-300x300.png 300w, https:\/\/astt-dz.com\/wp-content\/uploads\/2026\/01\/ChatGPT-Image-2-janv.-2026-17_50_55-150x150.png 150w, https:\/\/astt-dz.com\/wp-content\/uploads\/2026\/01\/ChatGPT-Image-2-janv.-2026-17_50_55-768x768.png 768w\" sizes=\"(max-width: 1024px) 100vw, 1024px\" \/><\/figure>\n<\/div>\n<\/div>\n\n\n\n<h2 class=\"wp-block-heading has-text-color has-link-color wp-elements-0d642f1001404b900068bf7ffe58e076\" style=\"color:#003a36;margin-top:var(--wp--preset--spacing--40);margin-bottom:var(--wp--preset--spacing--40);font-size:clamp(15.747px, 0.984rem + ((1vw - 3.2px) * 0.842), 24px);font-style:normal;font-weight:700\">\u00c9ducation, Recherche &amp; transformation sociale<\/h2>\n\n\n\n<p class=\"has-text-color has-link-color has-inter-font-family wp-elements-bcf5706ef0c6275fd5b11900accae044\" style=\"color:#444d4d;margin-top:var(--wp--preset--spacing--20);font-size:clamp(0.875rem, 0.875rem + ((1vw - 0.2rem) * 0.204), 1rem);line-height:1.5\"><span class=\"has-superb-addons-text-align-justify\">D\u00e9velopper une soci\u00e9t\u00e9 fond\u00e9e sur le savoir, les comp\u00e9tences et l\u2019innovation sociale, en valorisant le capital humain et l\u2019apprentissage tout au long de la vie.<\/span><\/p>\n\n\n\n<div class=\"wp-block-group has-global-padding is-layout-constrained wp-container-core-group-is-layout-94e0f4c8 wp-block-group-is-layout-constrained\" style=\"padding-top:var(--wp--preset--spacing--20)\">\n<p class=\"list\">Politiques de l\u2019enseignement sup\u00e9rieur et de la recherche scientifique<\/p>\n\n\n\n<p class=\"list\">Syst\u00e8mes de recherche, innovation et transfert de connaissances<\/p>\n\n\n\n<p class=\"list\">Formation, d\u00e9veloppement des comp\u00e9tences et employabilit\u00e9<\/p>\n\n\n\n<p class=\"list\">Jeunesse, inclusion sociale et capital humain<\/p>\n<\/div>\n\n\n\n<div class=\"wp-block-group is-nowrap is-layout-flex wp-container-core-group-is-layout-92577595 wp-block-group-is-layout-flex\" style=\"padding-top:var(--wp--preset--spacing--20)\">\n<h2 class=\"wp-block-heading has-theme-color has-text-color has-link-color wp-elements-bba84444c5c0480ea8f61122d16a46c7\" style=\"font-size:clamp(14px, 0.875rem + ((1vw - 3.2px) * 0.306), 17px);\"><strong><a href=\"https:\/\/astt-dz.com\/index.php\/axe-6\/\" data-type=\"page\" data-id=\"147\">D\u00e9couvrir<\/a><\/strong><\/h2>\n<\/div>\n<\/div>\n<\/div>\n<\/div>\n\n\n\n<div class=\"wp-block-columns is-layout-flex wp-container-core-columns-is-layout-f75fd3cf wp-block-columns-is-layout-flex\" style=\"padding-top:var(--wp--preset--spacing--60)\">\n<div class=\"wp-block-column has-box-shadow is-layout-flow wp-block-column-is-layout-flow\" style=\"border-radius:15px;padding-top:var(--wp--preset--spacing--60);padding-right:var(--wp--preset--spacing--60);padding-bottom:var(--wp--preset--spacing--60);padding-left:var(--wp--preset--spacing--60)\">\n<h2 class=\"wp-block-heading has-text-color has-link-color wp-elements-ae82b7678e75106dd71ab152bc6180e1\" style=\"color:#003a36;margin-top:var(--wp--preset--spacing--40);margin-bottom:var(--wp--preset--spacing--40);font-size:clamp(15.747px, 0.984rem + ((1vw - 3.2px) * 0.842), 24px);font-style:normal;font-weight:700\">Une approche transversale<\/h2>\n\n\n\n<p class=\"has-text-color has-link-color has-inter-font-family wp-elements-8ad862eee49b8ddf0868bd1420a59bf1\" style=\"color:#444d4d;margin-top:var(--wp--preset--spacing--20);font-size:clamp(0.875rem, 0.875rem + ((1vw - 0.2rem) * 0.204), 1rem);line-height:1.5\">Les axes de recherche de l\u2019ASTT sont con\u00e7us de mani\u00e8re <strong>interdisciplinaire et compl\u00e9mentaire<\/strong>, favorisant :<\/p>\n\n\n\n<div class=\"wp-block-group has-global-padding is-layout-constrained wp-container-core-group-is-layout-94e0f4c8 wp-block-group-is-layout-constrained\" style=\"padding-top:var(--wp--preset--spacing--20)\">\n<p class=\"list\">une lecture globale des enjeux,<\/p>\n\n\n\n<p class=\"list\">des analyses crois\u00e9es,<\/p>\n\n\n\n<p class=\"list\">des recommandations int\u00e9gr\u00e9es et coh\u00e9rentes.<\/p>\n<\/div>\n<\/div>\n<\/div>\n\n\n\n<div class=\"wp-block-columns is-layout-flex wp-container-core-columns-is-layout-f75fd3cf wp-block-columns-is-layout-flex\" style=\"padding-top:var(--wp--preset--spacing--60)\">\n<div class=\"wp-block-column has-box-shadow is-layout-flow wp-block-column-is-layout-flow\" style=\"border-radius:15px;padding-top:var(--wp--preset--spacing--60);padding-right:var(--wp--preset--spacing--60);padding-bottom:var(--wp--preset--spacing--60);padding-left:var(--wp--preset--spacing--60)\">\n<h2 class=\"wp-block-heading has-text-color has-link-color wp-elements-07690a1e2af885cd0c2e23d65b9847b4\" style=\"color:#003a36;margin-top:var(--wp--preset--spacing--40);margin-bottom:var(--wp--preset--spacing--40);font-size:clamp(15.747px, 0.984rem + ((1vw - 3.2px) * 0.842), 24px);font-style:normal;font-weight:700\">Publications et travaux<\/h2>\n\n\n\n<p class=\"has-text-color has-link-color has-inter-font-family wp-elements-e057e0c42b3fb651b04ae00a44173707\" style=\"color:#444d4d;margin-top:var(--wp--preset--spacing--20);font-size:clamp(0.875rem, 0.875rem + ((1vw - 0.2rem) * 0.204), 1rem);line-height:1.5\">Les travaux produits dans le cadre de ces axes incluent :<\/p>\n\n\n\n<div class=\"wp-block-group has-global-padding is-layout-constrained wp-container-core-group-is-layout-94e0f4c8 wp-block-group-is-layout-constrained\" style=\"padding-top:var(--wp--preset--spacing--20)\">\n<p class=\"list\">Rapports scientifiques pointus<\/p>\n\n\n\n<p class=\"list\">Notes de prospective<\/p>\n\n\n\n<p class=\"list\">Policy briefs<\/p>\n\n\n\n<p class=\"list\">\u00c9tudes comparatives<\/p>\n\n\n\n<p class=\"list\">Recommandations au service des politiques publiques<\/p>\n<\/div>\n<\/div>\n<\/div>\n<\/div>\n","protected":false},"excerpt":{"rendered":"<p>Politiques Publiques &amp; Gouvernance \u00c9clairer la d\u00e9cision publique par l\u2019analyse scientifique, l\u2019\u00e9valuation des politiques et l\u2019anticipation des transformations socio-\u00e9conomiques. Evaluation<\/p>\n","protected":false},"author":1,"featured_media":0,"parent":0,"menu_order":0,"comment_status":"closed","ping_status":"closed","template":"","meta":{"_eb_attr":"","_uag_custom_page_level_css":"","footnotes":""},"class_list":["post-77","page","type-page","status-publish","hentry"],"uagb_featured_image_src":{"full":false,"thumbnail":false,"medium":false,"medium_large":false,"large":false,"1536x1536":false,"2048x2048":false},"uagb_author_info":{"display_name":"ASTT_Admin","author_link":"https:\/\/astt-dz.com\/author\/astt_admin\/"},"uagb_comment_info":0,"uagb_excerpt":"Politiques Publiques &amp; Gouvernance \u00c9clairer la d\u00e9cision publique par l\u2019analyse scientifique, l\u2019\u00e9valuation des politiques et l\u2019anticipation des transformations socio-\u00e9conomiques. Evaluation","_links":{"self":[{"href":"https:\/\/astt-dz.com\/index.php\/wp-json\/wp\/v2\/pages\/77","targetHints":{"allow":["GET"]}}],"collection":[{"href":"https:\/\/astt-dz.com\/index.php\/wp-json\/wp\/v2\/pages"}],"about":[{"href":"https:\/\/astt-dz.com\/index.php\/wp-json\/wp\/v2\/types\/page"}],"author":[{"embeddable":true,"href":"https:\/\/astt-dz.com\/index.php\/wp-json\/wp\/v2\/users\/1"}],"replies":[{"embeddable":true,"href":"https:\/\/astt-dz.com\/index.php\/wp-json\/wp\/v2\/comments?post=77"}],"version-history":[{"count":25,"href":"https:\/\/astt-dz.com\/index.php\/wp-json\/wp\/v2\/pages\/77\/revisions"}],"predecessor-version":[{"id":474,"href":"https:\/\/astt-dz.com\/index.php\/wp-json\/wp\/v2\/pages\/77\/revisions\/474"}],"wp:attachment":[{"href":"https:\/\/astt-dz.com\/index.php\/wp-json\/wp\/v2\/media?parent=77"}],"curies":[{"name":"wp","href":"https:\/\/api.w.org\/{rel}","templated":true}]}}