{"id":61,"date":"2025-12-27T11:35:56","date_gmt":"2025-12-27T11:35:56","guid":{"rendered":"https:\/\/astt-dz.com\/index.php\/actualites\/"},"modified":"2026-01-01T15:11:29","modified_gmt":"2026-01-01T15:11:29","slug":"actualites","status":"publish","type":"page","link":"https:\/\/astt-dz.com\/index.php\/actualites\/","title":{"rendered":"Actualit\u00e9s"},"content":{"rendered":"\n<div class=\"wp-block-group has-global-padding is-layout-constrained wp-container-core-group-is-layout-526627f6 wp-block-group-is-layout-constrained\" style=\"padding-top:var(--wp--preset--spacing--80);padding-right:var(--wp--preset--spacing--30);padding-bottom:var(--wp--preset--spacing--80);padding-left:var(--wp--preset--spacing--30)\">\n<div class=\"wp-block-columns is-layout-flex wp-container-core-columns-is-layout-f75fd3cf wp-block-columns-is-layout-flex\" style=\"padding-top:var(--wp--preset--spacing--60)\">\n<div class=\"wp-block-column has-box-shadow is-layout-flow wp-block-column-is-layout-flow\" style=\"border-radius:15px;padding-top:var(--wp--preset--spacing--60);padding-right:var(--wp--preset--spacing--60);padding-bottom:var(--wp--preset--spacing--60);padding-left:var(--wp--preset--spacing--60)\">\n<h2 class=\"wp-block-heading has-text-color has-link-color wp-elements-3456a91a442bd80fecc6d84893207748\" style=\"color:#003a36;margin-top:var(--wp--preset--spacing--40);margin-bottom:var(--wp--preset--spacing--40);font-size:clamp(15.747px, 0.984rem + ((1vw - 3.2px) * 0.842), 24px);font-style:normal;font-weight:700\">\u00c9tat actuel \u2013 Phase de lancement<\/h2>\n\n\n\n<p class=\"has-text-color has-link-color has-inter-font-family wp-elements-443f7a29316f94280ffbbe91c845dbfe\" style=\"color:#444d4d;margin-top:var(--wp--preset--spacing--20);font-size:clamp(0.875rem, 0.875rem + ((1vw - 0.2rem) * 0.204), 1rem);line-height:1.5\"><\/p>\n\n\n\n<p class=\"has-text-color has-link-color has-inter-font-family wp-elements-1a23d4bf3d09689ddd08860d7fa58661\" style=\"color:#444d4d;margin-top:var(--wp--preset--spacing--20);font-size:clamp(0.875rem, 0.875rem + ((1vw - 0.2rem) * 0.204), 1rem);line-height:1.5\"><span class=\"has-superb-addons-text-align-justify\">L\u2019ASTT est actuellement en phase de structuration et de lancement.<br>Les premi\u00e8res actualit\u00e9s scientifiques, publications et \u00e9v\u00e9nements seront communiqu\u00e9s progressivement sur cette page.<\/span><\/p>\n<\/div>\n<\/div>\n\n\n\n<div class=\"wp-block-group has-global-padding is-layout-constrained wp-container-core-group-is-layout-526627f6 wp-block-group-is-layout-constrained\" style=\"padding-top:var(--wp--preset--spacing--80);padding-right:var(--wp--preset--spacing--30);padding-bottom:var(--wp--preset--spacing--80);padding-left:var(--wp--preset--spacing--30)\">\n<h2 class=\"wp-block-heading has-text-align-center\" style=\"font-size:clamp(20px, 1.25rem + ((1vw - 3.2px) * 1.224), 32px);\"><mark style=\"background-color:rgba(0, 0, 0, 0)\" class=\"has-inline-color has-theme-color\">Types d&#8217;actualit\u00e9s \u00e0 venir<\/mark><\/h2>\n\n\n\n<div class=\"wp-block-columns is-layout-flex wp-container-core-columns-is-layout-f75fd3cf wp-block-columns-is-layout-flex\" style=\"padding-top:var(--wp--preset--spacing--60)\">\n<div class=\"wp-block-column has-box-shadow is-layout-flow wp-block-column-is-layout-flow\" style=\"border-radius:15px;padding-top:var(--wp--preset--spacing--60);padding-right:var(--wp--preset--spacing--60);padding-bottom:var(--wp--preset--spacing--60);padding-left:var(--wp--preset--spacing--60)\">\n<div class=\"wp-block-group is-nowrap is-layout-flex wp-container-core-group-is-layout-6c531013 wp-block-group-is-layout-flex\">\n<div class=\"wp-block-group has-background has-global-padding is-layout-constrained wp-container-core-group-is-layout-52009084 wp-block-group-is-layout-constrained\" style=\"border-radius:16px;background-color:#e6f2f1;padding-top:var(--wp--preset--spacing--40);padding-right:var(--wp--preset--spacing--40);padding-bottom:var(--wp--preset--spacing--40);padding-left:var(--wp--preset--spacing--40)\">\n<figure class=\"wp-block-image size-full is-resized wp-duotone-rgb2410297-7f7f7f-1\"><img decoding=\"async\" src=\"https:\/\/astt-dz.com\/wp-content\/themes\/bizora\/assets\/images\/service-5.png\" alt=\"\" class=\"wp-image-1475\" style=\"width:42px;height:auto\"\/><\/figure>\n<\/div>\n<\/div>\n\n\n\n<h2 class=\"wp-block-heading has-text-color has-link-color wp-elements-8cd6cd60bfbfaa14eb3158cb2ebbc542\" style=\"color:#003a36;margin-top:var(--wp--preset--spacing--40);margin-bottom:var(--wp--preset--spacing--40);font-size:clamp(15.747px, 0.984rem + ((1vw - 3.2px) * 0.842), 24px);font-style:normal;font-weight:700\">Vie institutionnelle<\/h2>\n\n\n\n<div class=\"wp-block-group has-global-padding is-layout-constrained wp-container-core-group-is-layout-94e0f4c8 wp-block-group-is-layout-constrained\" style=\"padding-top:var(--wp--preset--spacing--20)\">\n<p class=\"list\">Lancement officiel du think tank<\/p>\n\n\n\n<p class=\"list\">Mise en place des organes de gouvernance<\/p>\n\n\n\n<p class=\"list\">Annonces institutionnelles<\/p>\n<\/div>\n<\/div>\n\n\n\n<div class=\"wp-block-column has-box-shadow is-layout-flow wp-block-column-is-layout-flow\" style=\"border-radius:15px;padding-top:var(--wp--preset--spacing--60);padding-right:var(--wp--preset--spacing--60);padding-bottom:var(--wp--preset--spacing--60);padding-left:var(--wp--preset--spacing--60)\">\n<div class=\"wp-block-group is-nowrap is-layout-flex wp-container-core-group-is-layout-6c531013 wp-block-group-is-layout-flex\">\n<div class=\"wp-block-group has-background has-global-padding is-layout-constrained wp-container-core-group-is-layout-52009084 wp-block-group-is-layout-constrained\" style=\"border-radius:16px;background-color:#e6f2f1;padding-top:var(--wp--preset--spacing--40);padding-right:var(--wp--preset--spacing--40);padding-bottom:var(--wp--preset--spacing--40);padding-left:var(--wp--preset--spacing--40)\">\n<figure class=\"wp-block-image size-full is-resized wp-duotone-rgb2410297-7f7f7f-2\"><img decoding=\"async\" src=\"https:\/\/astt-dz.com\/wp-content\/themes\/bizora\/assets\/images\/service-4.png\" alt=\"\" class=\"wp-image-1474\" style=\"width:42px;height:auto\"\/><\/figure>\n<\/div>\n<\/div>\n\n\n\n<h2 class=\"wp-block-heading has-text-color has-link-color wp-elements-ed97bc74c14cf956a9bcd3401c80186a\" style=\"color:#003a36;margin-top:var(--wp--preset--spacing--40);margin-bottom:var(--wp--preset--spacing--40);font-size:clamp(15.747px, 0.984rem + ((1vw - 3.2px) * 0.842), 24px);font-style:normal;font-weight:700\">Activit\u00e9s scientifiques<\/h2>\n\n\n\n<div class=\"wp-block-group has-global-padding is-layout-constrained wp-container-core-group-is-layout-94e0f4c8 wp-block-group-is-layout-constrained\" style=\"padding-top:var(--wp--preset--spacing--20)\">\n<p class=\"list\">Lancement de programmes de recherche<\/p>\n\n\n\n<p class=\"list\">Publication de rapports et notes d\u2019analyse<\/p>\n\n\n\n<p class=\"list\">Appels \u00e0 contribution scientifique<\/p>\n<\/div>\n<\/div>\n<\/div>\n\n\n\n<div class=\"wp-block-columns is-layout-flex wp-container-core-columns-is-layout-f75fd3cf wp-block-columns-is-layout-flex\" style=\"padding-top:var(--wp--preset--spacing--60)\">\n<div class=\"wp-block-column has-box-shadow is-layout-flow wp-block-column-is-layout-flow\" style=\"border-radius:15px;padding-top:var(--wp--preset--spacing--60);padding-right:var(--wp--preset--spacing--60);padding-bottom:var(--wp--preset--spacing--60);padding-left:var(--wp--preset--spacing--60)\">\n<div class=\"wp-block-group is-nowrap is-layout-flex wp-container-core-group-is-layout-6c531013 wp-block-group-is-layout-flex\">\n<div class=\"wp-block-group has-background has-global-padding is-layout-constrained wp-container-core-group-is-layout-52009084 wp-block-group-is-layout-constrained\" style=\"border-radius:16px;background-color:#e6f2f1;padding-top:var(--wp--preset--spacing--40);padding-right:var(--wp--preset--spacing--40);padding-bottom:var(--wp--preset--spacing--40);padding-left:var(--wp--preset--spacing--40)\">\n<figure class=\"wp-block-image size-full is-resized wp-duotone-rgb2410297-7f7f7f-3\"><img decoding=\"async\" src=\"https:\/\/astt-dz.com\/wp-content\/themes\/bizora\/assets\/images\/service-2.png\" alt=\"\" class=\"wp-image-1472\" style=\"width:42px;height:auto\"\/><\/figure>\n<\/div>\n<\/div>\n\n\n\n<h2 class=\"wp-block-heading has-text-color has-link-color wp-elements-d11e337281d183e0f899db0978994c70\" style=\"color:#003a36;margin-top:var(--wp--preset--spacing--40);margin-bottom:var(--wp--preset--spacing--40);font-size:clamp(15.747px, 0.984rem + ((1vw - 3.2px) * 0.842), 24px);font-style:normal;font-weight:700\">\u00c9v\u00e9nements<\/h2>\n\n\n\n<div class=\"wp-block-group has-global-padding is-layout-constrained wp-container-core-group-is-layout-94e0f4c8 wp-block-group-is-layout-constrained\" style=\"padding-top:var(--wp--preset--spacing--20)\">\n<p class=\"list\">S\u00e9minaires et ateliers scientifiques<\/p>\n\n\n\n<p class=\"list\">Conf\u00e9rences et tables rondes<\/p>\n\n\n\n<p class=\"list\">Interventions publiques et partenariats<\/p>\n<\/div>\n<\/div>\n\n\n\n<div class=\"wp-block-column has-box-shadow is-layout-flow wp-block-column-is-layout-flow\" style=\"border-radius:15px;padding-top:var(--wp--preset--spacing--60);padding-right:var(--wp--preset--spacing--60);padding-bottom:var(--wp--preset--spacing--60);padding-left:var(--wp--preset--spacing--60)\">\n<div class=\"wp-block-group is-nowrap is-layout-flex wp-container-core-group-is-layout-6c531013 wp-block-group-is-layout-flex\">\n<div class=\"wp-block-group has-background has-global-padding is-layout-constrained wp-container-core-group-is-layout-52009084 wp-block-group-is-layout-constrained\" style=\"border-radius:16px;background-color:#e6f2f1;padding-top:var(--wp--preset--spacing--40);padding-right:var(--wp--preset--spacing--40);padding-bottom:var(--wp--preset--spacing--40);padding-left:var(--wp--preset--spacing--40)\">\n<figure class=\"wp-block-image size-full is-resized wp-duotone-rgb2410297-7f7f7f-4\"><img decoding=\"async\" src=\"https:\/\/astt-dz.com\/wp-content\/themes\/bizora\/assets\/images\/service-5.png\" alt=\"\" class=\"wp-image-1475\" style=\"width:42px;height:auto\"\/><\/figure>\n<\/div>\n<\/div>\n\n\n\n<h2 class=\"wp-block-heading has-text-color has-link-color wp-elements-39661a12a1a5138cb029e938613caebf\" style=\"color:#003a36;margin-top:var(--wp--preset--spacing--40);margin-bottom:var(--wp--preset--spacing--40);font-size:clamp(15.747px, 0.984rem + ((1vw - 3.2px) * 0.842), 24px);font-style:normal;font-weight:700\">Coop\u00e9rations et partenariats<\/h2>\n\n\n\n<div class=\"wp-block-group has-global-padding is-layout-constrained wp-container-core-group-is-layout-94e0f4c8 wp-block-group-is-layout-constrained\" style=\"padding-top:var(--wp--preset--spacing--20)\">\n<p class=\"list\">Accords avec universit\u00e9s et centres de recherche<\/p>\n\n\n\n<p class=\"list\">Collaborations nationales et internationales<\/p>\n<\/div>\n<\/div>\n<\/div>\n<\/div>\n<\/div>\n","protected":false},"excerpt":{"rendered":"<p>\u00c9tat actuel \u2013 Phase de lancement L\u2019ASTT est actuellement en phase de structuration et de lancement.Les premi\u00e8res actualit\u00e9s scientifiques, publications<\/p>\n","protected":false},"author":1,"featured_media":0,"parent":0,"menu_order":0,"comment_status":"closed","ping_status":"closed","template":"","meta":{"_eb_attr":"","_uag_custom_page_level_css":"","footnotes":""},"class_list":["post-61","page","type-page","status-publish","hentry"],"uagb_featured_image_src":{"full":false,"thumbnail":false,"medium":false,"medium_large":false,"large":false,"1536x1536":false,"2048x2048":false},"uagb_author_info":{"display_name":"ASTT_Admin","author_link":"https:\/\/astt-dz.com\/author\/astt_admin\/"},"uagb_comment_info":0,"uagb_excerpt":"\u00c9tat actuel \u2013 Phase de lancement L\u2019ASTT est actuellement en phase de structuration et de lancement.Les premi\u00e8res actualit\u00e9s scientifiques, publications","_links":{"self":[{"href":"https:\/\/astt-dz.com\/index.php\/wp-json\/wp\/v2\/pages\/61","targetHints":{"allow":["GET"]}}],"collection":[{"href":"https:\/\/astt-dz.com\/index.php\/wp-json\/wp\/v2\/pages"}],"about":[{"href":"https:\/\/astt-dz.com\/index.php\/wp-json\/wp\/v2\/types\/page"}],"author":[{"embeddable":true,"href":"https:\/\/astt-dz.com\/index.php\/wp-json\/wp\/v2\/users\/1"}],"replies":[{"embeddable":true,"href":"https:\/\/astt-dz.com\/index.php\/wp-json\/wp\/v2\/comments?post=61"}],"version-history":[{"count":6,"href":"https:\/\/astt-dz.com\/index.php\/wp-json\/wp\/v2\/pages\/61\/revisions"}],"predecessor-version":[{"id":294,"href":"https:\/\/astt-dz.com\/index.php\/wp-json\/wp\/v2\/pages\/61\/revisions\/294"}],"wp:attachment":[{"href":"https:\/\/astt-dz.com\/index.php\/wp-json\/wp\/v2\/media?parent=61"}],"curies":[{"name":"wp","href":"https:\/\/api.w.org\/{rel}","templated":true}]}}