{"id":188,"date":"2025-12-28T13:30:42","date_gmt":"2025-12-28T13:30:42","guid":{"rendered":"https:\/\/astt-dz.com\/?page_id=188"},"modified":"2026-01-21T10:47:11","modified_gmt":"2026-01-21T10:47:11","slug":"gouvernance-et-organisation","status":"publish","type":"page","link":"https:\/\/astt-dz.com\/index.php\/gouvernance-et-organisation\/","title":{"rendered":"Gouvernance et organisation"},"content":{"rendered":"\n<div class=\"wp-block-group has-global-padding is-layout-constrained wp-block-group-is-layout-constrained\" style=\"padding-top:var(--wp--preset--spacing--70);padding-bottom:var(--wp--preset--spacing--70)\">\n<div class=\"wp-block-group wb-banner-content has-global-padding is-layout-constrained wp-container-core-group-is-layout-3d7f9668 wp-block-group-is-layout-constrained\" style=\"padding-top:0;padding-right:var(--wp--preset--spacing--40);padding-bottom:0;padding-left:var(--wp--preset--spacing--40)\">\n<div class=\"wp-block-columns are-vertically-aligned-center is-layout-flex wp-container-core-columns-is-layout-69b1b98f wp-block-columns-is-layout-flex\">\n<div class=\"wp-block-column is-vertically-aligned-center is-layout-flow wp-block-column-is-layout-flow\" style=\"padding-right:0;padding-left:0\">\n<h2 class=\"wp-block-heading\" style=\"font-size:clamp(24.034px, 1.502rem + ((1vw - 3.2px) * 1.629), 40px);line-height:1.2\"><mark style=\"background-color:rgba(0, 0, 0, 0)\" class=\"has-inline-color has-theme-color\">Principes de gouvernance<\/mark><\/h2>\n\n\n\n<p class=\"has-text-color has-link-color has-inter-font-family wp-elements-983970ad32c4e8dbd59e6984b7a4c1f8\" style=\"color:#444d4d;font-size:clamp(0.875rem, 0.875rem + ((1vw - 0.2rem) * 0.204), 1rem);line-height:1.5\">La gouvernance de l\u2019ASTT repose sur des principes d\u2019ind\u00e9pendance scientifique, de transparence, de coll\u00e9gialit\u00e9 et de responsabilit\u00e9.<br>Elle vise \u00e0 garantir la qualit\u00e9 des travaux, la cr\u00e9dibilit\u00e9 institutionnelle du think tank et son alignement avec l\u2019int\u00e9r\u00eat g\u00e9n\u00e9ral.<\/p>\n<\/div>\n<\/div>\n<\/div>\n<\/div>\n\n\n\n<div class=\"wp-block-group has-global-padding is-layout-constrained wp-container-core-group-is-layout-526627f6 wp-block-group-is-layout-constrained\" style=\"padding-top:var(--wp--preset--spacing--80);padding-right:var(--wp--preset--spacing--30);padding-bottom:var(--wp--preset--spacing--80);padding-left:var(--wp--preset--spacing--30)\">\n<h2 class=\"wp-block-heading has-text-align-center\" style=\"font-size:clamp(20px, 1.25rem + ((1vw - 3.2px) * 1.224), 32px);\"><mark style=\"background-color:rgba(0, 0, 0, 0)\" class=\"has-inline-color has-theme-color\">Organes de gouvernance<\/mark><\/h2>\n\n\n\n<div class=\"wp-block-columns is-layout-flex wp-container-core-columns-is-layout-f75fd3cf wp-block-columns-is-layout-flex\" style=\"padding-top:var(--wp--preset--spacing--60)\">\n<div class=\"wp-block-column has-box-shadow is-layout-flow wp-block-column-is-layout-flow\" style=\"border-radius:15px;padding-top:var(--wp--preset--spacing--60);padding-right:var(--wp--preset--spacing--60);padding-bottom:var(--wp--preset--spacing--60);padding-left:var(--wp--preset--spacing--60)\">\n<div class=\"wp-block-group is-nowrap is-layout-flex wp-container-core-group-is-layout-6c531013 wp-block-group-is-layout-flex\">\n<div class=\"wp-block-group has-background has-global-padding is-layout-constrained wp-container-core-group-is-layout-52009084 wp-block-group-is-layout-constrained\" style=\"border-radius:16px;background-color:#e6f2f1;padding-top:var(--wp--preset--spacing--40);padding-right:var(--wp--preset--spacing--40);padding-bottom:var(--wp--preset--spacing--40);padding-left:var(--wp--preset--spacing--40)\">\n<figure class=\"wp-block-image size-full is-resized wp-duotone-rgb2410297-7f7f7f-1\"><img decoding=\"async\" src=\"https:\/\/astt-dz.com\/wp-content\/themes\/bizora\/assets\/images\/service-5.png\" alt=\"\" class=\"wp-image-1475\" style=\"width:42px;height:auto\"\/><\/figure>\n<\/div>\n<\/div>\n\n\n\n<h2 class=\"wp-block-heading has-text-color has-link-color wp-elements-3758111e56b045feaa1f695687d53809\" style=\"color:#003a36;margin-top:var(--wp--preset--spacing--40);margin-bottom:var(--wp--preset--spacing--40);font-size:clamp(15.747px, 0.984rem + ((1vw - 3.2px) * 0.842), 24px);font-style:normal;font-weight:700\">Conseil d\u2019orientation <\/h2>\n\n\n\n<div class=\"wp-block-group has-global-padding is-layout-constrained wp-container-core-group-is-layout-94e0f4c8 wp-block-group-is-layout-constrained\" style=\"padding-top:var(--wp--preset--spacing--20)\">\n<p class=\"list\"><strong>R\u00f4le :<\/strong><\/p>\n\n\n\n<ul class=\"wp-block-list\">\n<li>D\u00e9finit les orientations g\u00e9n\u00e9rales <\/li>\n\n\n\n<li>Veille \u00e0 l\u2019ind\u00e9pendance scientifique <\/li>\n\n\n\n<li>Assure la coh\u00e9rence des travaux avec les enjeux nationaux<\/li>\n\n\n\n<li>Assure la coh\u00e9rence des travaux avec les enjeux nationaux<\/li>\n<\/ul>\n<\/div>\n\n\n\n<div class=\"wp-block-group has-global-padding is-layout-constrained wp-container-core-group-is-layout-94e0f4c8 wp-block-group-is-layout-constrained\" style=\"padding-top:var(--wp--preset--spacing--20)\">\n<p class=\"list\"><strong><strong>Composition :<\/strong><\/strong><\/p>\n\n\n\n<ul class=\"wp-block-list\">\n<li>D\u00e9finit les orientations g\u00e9n\u00e9rales <\/li>\n\n\n\n<li>Veille \u00e0 l\u2019ind\u00e9pendance scientifique et institutionnelle<\/li>\n\n\n\n<li>Assure la coh\u00e9rence des travaux avec les enjeux nationaux<\/li>\n\n\n\n<li>Assure la coh\u00e9rence des travaux avec les enjeux nationaux<\/li>\n<\/ul>\n<\/div>\n<\/div>\n\n\n\n<div class=\"wp-block-column has-box-shadow is-layout-flow wp-block-column-is-layout-flow\" style=\"border-radius:15px;padding-top:var(--wp--preset--spacing--60);padding-right:var(--wp--preset--spacing--60);padding-bottom:var(--wp--preset--spacing--60);padding-left:var(--wp--preset--spacing--60)\">\n<div class=\"wp-block-group is-nowrap is-layout-flex wp-container-core-group-is-layout-6c531013 wp-block-group-is-layout-flex\">\n<div class=\"wp-block-group has-background has-global-padding is-layout-constrained wp-container-core-group-is-layout-52009084 wp-block-group-is-layout-constrained\" style=\"border-radius:16px;background-color:#e6f2f1;padding-top:var(--wp--preset--spacing--40);padding-right:var(--wp--preset--spacing--40);padding-bottom:var(--wp--preset--spacing--40);padding-left:var(--wp--preset--spacing--40)\">\n<figure class=\"wp-block-image size-full is-resized wp-duotone-rgb2410297-7f7f7f-2\"><img decoding=\"async\" src=\"https:\/\/astt-dz.com\/wp-content\/themes\/bizora\/assets\/images\/service-2.png\" alt=\"\" class=\"wp-image-1472\" style=\"width:42px;height:auto\"\/><\/figure>\n<\/div>\n<\/div>\n\n\n\n<h2 class=\"wp-block-heading has-text-color has-link-color wp-elements-b31ba2cc2fb5d36226fc2589425ad8d5\" style=\"color:#003a36;margin-top:var(--wp--preset--spacing--40);margin-bottom:var(--wp--preset--spacing--40);font-size:clamp(15.747px, 0.984rem + ((1vw - 3.2px) * 0.842), 24px);font-style:normal;font-weight:700\">Comit\u00e9 scientifique<\/h2>\n\n\n\n<div class=\"wp-block-group has-global-padding is-layout-constrained wp-container-core-group-is-layout-94e0f4c8 wp-block-group-is-layout-constrained\" style=\"padding-top:var(--wp--preset--spacing--20)\">\n<p class=\"list\"><strong>R\u00f4le :<\/strong><\/p>\n\n\n\n<ul class=\"wp-block-list\">\n<li>Garantit la rigueur scientifique et m\u00e9thodologique<\/li>\n\n\n\n<li>Valide les axes de recherche et les publications<\/li>\n\n\n\n<li>\u00c9value la qualit\u00e9 des travaux produits<\/li>\n<\/ul>\n<\/div>\n\n\n\n<div class=\"wp-block-group has-global-padding is-layout-constrained wp-container-core-group-is-layout-94e0f4c8 wp-block-group-is-layout-constrained\" style=\"padding-top:var(--wp--preset--spacing--20)\">\n<p class=\"list\"><strong><strong>Fonctionnement :<\/strong><\/strong><\/p>\n\n\n\n<ul class=\"wp-block-list\">\n<li>Instance coll\u00e9giale<\/li>\n\n\n\n<li>\u00c9valuation ind\u00e9pendante des productions scientifiques<\/li>\n<\/ul>\n<\/div>\n<\/div>\n\n\n\n<div class=\"wp-block-column has-box-shadow is-layout-flow wp-block-column-is-layout-flow\" style=\"border-radius:15px;padding-top:var(--wp--preset--spacing--60);padding-right:var(--wp--preset--spacing--60);padding-bottom:var(--wp--preset--spacing--60);padding-left:var(--wp--preset--spacing--60)\">\n<div class=\"wp-block-group is-nowrap is-layout-flex wp-container-core-group-is-layout-6c531013 wp-block-group-is-layout-flex\">\n<div class=\"wp-block-group has-background has-global-padding is-layout-constrained wp-container-core-group-is-layout-52009084 wp-block-group-is-layout-constrained\" style=\"border-radius:16px;background-color:#e6f2f1;padding-top:var(--wp--preset--spacing--40);padding-right:var(--wp--preset--spacing--40);padding-bottom:var(--wp--preset--spacing--40);padding-left:var(--wp--preset--spacing--40)\">\n<figure class=\"wp-block-image size-full is-resized wp-duotone-rgb2410297-7f7f7f-3\"><img decoding=\"async\" src=\"https:\/\/astt-dz.com\/wp-content\/themes\/bizora\/assets\/images\/service-1.png\" alt=\"\" class=\"wp-image-1452\" style=\"width:42px;height:auto\"\/><\/figure>\n<\/div>\n<\/div>\n\n\n\n<h2 class=\"wp-block-heading has-text-color has-link-color wp-elements-4b546d646638ea0cede68988510318ad\" style=\"color:#003a36;margin-top:var(--wp--preset--spacing--40);margin-bottom:var(--wp--preset--spacing--40);font-size:clamp(15.747px, 0.984rem + ((1vw - 3.2px) * 0.842), 24px);font-style:normal;font-weight:700\">Direction ex\u00e9cutive<\/h2>\n\n\n\n<div class=\"wp-block-group has-global-padding is-layout-constrained wp-container-core-group-is-layout-94e0f4c8 wp-block-group-is-layout-constrained\" style=\"padding-top:var(--wp--preset--spacing--20)\">\n<p class=\"list\"><strong>R\u00f4le :<\/strong><\/p>\n\n\n\n<ul class=\"wp-block-list\">\n<li>Assure la gestion et le pilotage op\u00e9rationnel<\/li>\n\n\n\n<li>Met en \u0153uvre les orientations strat\u00e9giques<\/li>\n\n\n\n<li>Coordonne les p\u00f4les et les projets de recherche<\/li>\n<\/ul>\n<\/div>\n<\/div>\n<\/div>\n<\/div>\n\n\n\n<h2 class=\"wp-block-heading has-text-align-center\" style=\"font-size:clamp(20px, 1.25rem + ((1vw - 3.2px) * 1.224), 32px);\"><mark style=\"background-color:rgba(0, 0, 0, 0)\" class=\"has-inline-color has-theme-color\">Organisation op\u00e9rationnelle<\/mark><\/h2>\n\n\n\n<div class=\"wp-block-columns is-layout-flex wp-container-core-columns-is-layout-f75fd3cf wp-block-columns-is-layout-flex\" style=\"padding-top:var(--wp--preset--spacing--60)\">\n<div class=\"wp-block-column is-layout-flow wp-block-column-is-layout-flow\">\n<p class=\"has-text-color has-link-color has-inter-font-family wp-elements-63a20e66087b3a4089941440bfa817a7\" style=\"color:#444d4d;font-size:clamp(0.875rem, 0.875rem + ((1vw - 0.2rem) * 0.204), 1rem);line-height:1.5\">L\u2019organisation de l\u2019ASTT est structur\u00e9e autour de p\u00f4les fonctionnels et scientifiques permettant la mise en \u0153uvre efficace de ses activit\u00e9s.<\/p>\n\n\n\n<p><\/p>\n<\/div>\n<\/div>\n\n\n\n<div class=\"wp-block-essential-blocks-flex-container eb-flex-container-block root-eb-flex-container-06d3p\"><div class=\"eb-parent-wrapper eb-parent-flex-container eb-parent-eb-flex-container-06d3p \"><div class=\"eb-flex-container eb-flex-container-06d3p\"><div class=\"eb-flex-container-inner\">\n<div class=\"wp-block-essential-blocks-flex-container eb-flex-container-block root-eb-flex-container-cyj35\"><div class=\"eb-parent-wrapper eb-parent-flex-container eb-parent-eb-flex-container-cyj35 \"><div class=\"eb-flex-container eb-flex-container-cyj35\"><div class=\"eb-flex-container-inner\">\n<div class=\"wp-block-group has-background is-vertical is-content-justification-center is-layout-flex wp-container-core-group-is-layout-ce155fab wp-block-group-is-layout-flex\" style=\"border-radius:10px;background-color:#0b468a\">\n<figure class=\"wp-block-image aligncenter size-full is-resized wp-duotone-rgb255255255-0073aa-4\"><img decoding=\"async\" src=\"https:\/\/astt-dz.com\/wp-content\/themes\/bizora\/assets\/images\/service-5.png\" alt=\"\" class=\"wp-image-1475\" style=\"width:57px;height:auto\"\/><\/figure>\n\n\n\n<h4 class=\"wp-block-heading has-text-align-center has-primary-color has-text-color has-link-color has-medium-font-size wp-elements-ca75f75635028219fb19e4f81e2a85ba\">P\u00f4le Recherche &amp; Analyse<\/h4>\n\n\n\n<p><\/p>\n\n\n\n<p><\/p>\n\n\n\n<p><\/p>\n\n\n\n<div class=\"wp-block-group has-global-padding is-layout-constrained wp-container-core-group-is-layout-94e0f4c8 wp-block-group-is-layout-constrained\" style=\"padding-top:var(--wp--preset--spacing--20)\">\n<p class=\"list\"><mark style=\"background-color:rgba(0, 0, 0, 0)\" class=\"has-inline-color has-primary-color\">Production des \u00e9tudes et rapports<\/mark><\/p>\n\n\n\n<p class=\"list\"><mark style=\"background-color:rgba(0, 0, 0, 0)\" class=\"has-inline-color has-primary-color\">Analyses scientifiques et strat\u00e9giques<\/mark><\/p>\n<\/div>\n<\/div>\n<\/div><\/div><\/div><\/div>\n\n\n\n<div class=\"wp-block-essential-blocks-flex-container eb-flex-container-block root-eb-flex-container-s55qw\"><div class=\"eb-parent-wrapper eb-parent-flex-container eb-parent-eb-flex-container-s55qw \"><div class=\"eb-flex-container eb-flex-container-s55qw\"><div class=\"eb-flex-container-inner\">\n<div class=\"wp-block-group has-background is-vertical is-content-justification-center is-layout-flex wp-container-core-group-is-layout-ce155fab wp-block-group-is-layout-flex\" style=\"border-radius:10px;background-color:#f3f3f3\">\n<figure class=\"wp-block-image aligncenter size-full is-resized wp-duotone-89b441-0073aa-5\"><img decoding=\"async\" src=\"https:\/\/astt-dz.com\/wp-content\/themes\/bizora\/assets\/images\/service-1.png\" alt=\"\" class=\"wp-image-1452\" style=\"width:57px;height:auto\"\/><\/figure>\n\n\n\n<h4 class=\"wp-block-heading has-text-align-center has-medium-font-size\">P\u00f4le Prospective &amp; Donn\u00e9es<\/h4>\n\n\n\n<p><\/p>\n\n\n\n<p><\/p>\n\n\n\n<p><\/p>\n\n\n\n<div class=\"wp-block-group has-global-padding is-layout-constrained wp-container-core-group-is-layout-94e0f4c8 wp-block-group-is-layout-constrained\" style=\"padding-top:var(--wp--preset--spacing--20)\">\n<p class=\"list\">Prospective strat\u00e9gique<\/p>\n\n\n\n<p class=\"list\">Analyse fond\u00e9e sur les donn\u00e9es<\/p>\n\n\n\n<p class=\"list\">\u00c9laboration de sc\u00e9narios<\/p>\n<\/div>\n<\/div>\n<\/div><\/div><\/div><\/div>\n\n\n\n<div class=\"wp-block-essential-blocks-flex-container eb-flex-container-block root-eb-flex-container-9qdcw\"><div class=\"eb-parent-wrapper eb-parent-flex-container eb-parent-eb-flex-container-9qdcw \"><div class=\"eb-flex-container eb-flex-container-9qdcw\"><div class=\"eb-flex-container-inner\">\n<div class=\"wp-block-group has-background is-vertical is-content-justification-center is-layout-flex wp-container-core-group-is-layout-ce155fab wp-block-group-is-layout-flex\" style=\"border-radius:10px;background-color:#0b468a\">\n<figure class=\"wp-block-image aligncenter size-full is-resized wp-duotone-rgb255255255-0073aa-6\"><img decoding=\"async\" src=\"https:\/\/astt-dz.com\/wp-content\/themes\/bizora\/assets\/images\/service-5.png\" alt=\"\" class=\"wp-image-1475\" style=\"width:57px;height:auto\"\/><\/figure>\n\n\n\n<h4 class=\"wp-block-heading has-text-align-center has-primary-color has-text-color has-link-color has-medium-font-size wp-elements-0ccd792f0c3d84d87ae84db9a2614717\">P\u00f4le Innovation &amp; Transfert<\/h4>\n\n\n\n<p><\/p>\n\n\n\n<p><\/p>\n\n\n\n<p><\/p>\n\n\n\n<div class=\"wp-block-group has-global-padding is-layout-constrained wp-container-core-group-is-layout-94e0f4c8 wp-block-group-is-layout-constrained\" style=\"padding-top:var(--wp--preset--spacing--20)\">\n<p class=\"list\"><mark style=\"background-color:rgba(0, 0, 0, 0)\" class=\"has-inline-color has-primary-color\">Valorisation des r\u00e9sultats<\/mark><\/p>\n\n\n\n<p class=\"list\"><mark style=\"background-color:rgba(0, 0, 0, 0)\" class=\"has-inline-color has-primary-color\">Lien recherche\u2013industrie<\/mark><\/p>\n\n\n\n<p class=\"list\"><mark style=\"background-color:rgba(0, 0, 0, 0)\" class=\"has-inline-color has-primary-color\">Diffusion de l\u2019innovation scientifique<\/mark><\/p>\n<\/div>\n<\/div>\n<\/div><\/div><\/div><\/div>\n\n\n\n<div class=\"wp-block-essential-blocks-flex-container eb-flex-container-block root-eb-flex-container-yh74z\"><div class=\"eb-parent-wrapper eb-parent-flex-container eb-parent-eb-flex-container-yh74z \"><div class=\"eb-flex-container eb-flex-container-yh74z\"><div class=\"eb-flex-container-inner\">\n<div class=\"wp-block-group has-background is-vertical is-content-justification-center is-layout-flex wp-container-core-group-is-layout-ce155fab wp-block-group-is-layout-flex\" style=\"border-radius:10px;background-color:#f3f3f3\">\n<figure class=\"wp-block-image aligncenter size-full is-resized wp-duotone-89b441-0073aa-7\"><img decoding=\"async\" src=\"https:\/\/astt-dz.com\/wp-content\/themes\/bizora\/assets\/images\/service-1.png\" alt=\"\" class=\"wp-image-1452\" style=\"width:57px;height:auto\"\/><\/figure>\n\n\n\n<h4 class=\"wp-block-heading has-text-align-center has-medium-font-size\">P\u00f4le Partenariats &amp; Coop\u00e9ration<\/h4>\n\n\n\n<p><\/p>\n\n\n\n<p><\/p>\n\n\n\n<p><\/p>\n\n\n\n<div class=\"wp-block-group has-global-padding is-layout-constrained wp-container-core-group-is-layout-94e0f4c8 wp-block-group-is-layout-constrained\" style=\"padding-top:var(--wp--preset--spacing--20)\">\n<p class=\"list\">Coop\u00e9rations nationales et internationales<\/p>\n\n\n\n<p class=\"list\">R\u00e9seaux scientifiques<\/p>\n\n\n\n<p class=\"list\">Projets collaboratifs<\/p>\n<\/div>\n<\/div>\n<\/div><\/div><\/div><\/div>\n\n\n\n<div class=\"wp-block-essential-blocks-flex-container eb-flex-container-block root-eb-flex-container-nmcwu\"><div class=\"eb-parent-wrapper eb-parent-flex-container eb-parent-eb-flex-container-nmcwu \"><div class=\"eb-flex-container eb-flex-container-nmcwu\"><div class=\"eb-flex-container-inner\">\n<div class=\"wp-block-group has-background is-vertical is-content-justification-center is-layout-flex wp-container-core-group-is-layout-ce155fab wp-block-group-is-layout-flex\" style=\"border-radius:10px;background-color:#0b468a\">\n<figure class=\"wp-block-image aligncenter size-full is-resized wp-duotone-rgb255255255-0073aa-8\"><img decoding=\"async\" src=\"https:\/\/astt-dz.com\/wp-content\/themes\/bizora\/assets\/images\/service-4.png\" alt=\"\" class=\"wp-image-1474\" style=\"width:57px;height:auto\"\/><\/figure>\n\n\n\n<h4 class=\"wp-block-heading has-text-align-center has-primary-color has-text-color has-link-color has-medium-font-size wp-elements-c8149c5b62b9b33f40734ce654191927\"><strong>P\u00f4le Communication &amp; Diffusion scientifique<\/strong><\/h4>\n\n\n\n<p><\/p>\n\n\n\n<p><\/p>\n\n\n\n<p><\/p>\n\n\n\n<div class=\"wp-block-group has-global-padding is-layout-constrained wp-container-core-group-is-layout-94e0f4c8 wp-block-group-is-layout-constrained\" style=\"padding-top:var(--wp--preset--spacing--20)\">\n<p class=\"list\"><mark style=\"background-color:rgba(0, 0, 0, 0)\" class=\"has-inline-color has-primary-color\">Publications et \u00e9v\u00e9nements<\/mark><\/p>\n\n\n\n<p class=\"list\"><mark style=\"background-color:rgba(0, 0, 0, 0)\" class=\"has-inline-color has-primary-color\">Communication institutionnelle<\/mark><\/p>\n\n\n\n<p class=\"list\"><mark style=\"background-color:rgba(0, 0, 0, 0)\" class=\"has-inline-color has-primary-color\">Rayonnement scientifique<\/mark><\/p>\n<\/div>\n<\/div>\n<\/div><\/div><\/div><\/div>\n<\/div><\/div><\/div><\/div>\n\n\n\n<div class=\"wp-block-group wb-banner-content has-global-padding is-layout-constrained wp-container-core-group-is-layout-3d7f9668 wp-block-group-is-layout-constrained\" style=\"padding-top:0;padding-right:var(--wp--preset--spacing--40);padding-bottom:0;padding-left:var(--wp--preset--spacing--40)\">\n<div class=\"wp-block-columns are-vertically-aligned-center is-layout-flex wp-container-core-columns-is-layout-69b1b98f wp-block-columns-is-layout-flex\">\n<div class=\"wp-block-column is-vertically-aligned-center is-layout-flow wp-block-column-is-layout-flow\" style=\"padding-right:0;padding-left:0\">\n<h2 class=\"wp-block-heading\" style=\"font-size:clamp(24.034px, 1.502rem + ((1vw - 3.2px) * 1.629), 40px);line-height:1.2\"><mark style=\"background-color:rgba(0, 0, 0, 0)\" class=\"has-inline-color has-theme-color\">Responsables d&#8217;axes de recherche<\/mark><\/h2>\n\n\n\n<p class=\"has-text-color has-link-color has-inter-font-family wp-elements-7a35f946f02c5421201334c5ce530493\" style=\"color:#444d4d;font-size:clamp(0.875rem, 0.875rem + ((1vw - 0.2rem) * 0.204), 1rem);line-height:1.5\">Chaque axe de recherche est anim\u00e9 par un responsable scientifique charg\u00e9 de coordonner les travaux, d\u2019assurer leur coh\u00e9rence et de favoriser les collaborations<\/p>\n\n\n\n<p class=\"has-text-color has-link-color has-inter-font-family wp-elements-105d792081db7848fcddaa9f4b2795eb\" style=\"color:#444d4d;font-size:clamp(0.875rem, 0.875rem + ((1vw - 0.2rem) * 0.204), 1rem);line-height:1.5\"><\/p>\n<\/div>\n<\/div>\n\n\n\n<div class=\"wp-block-columns are-vertically-aligned-center is-layout-flex wp-container-core-columns-is-layout-69b1b98f wp-block-columns-is-layout-flex\">\n<div class=\"wp-block-column is-vertically-aligned-center is-layout-flow wp-block-column-is-layout-flow\" style=\"padding-right:0;padding-left:0\">\n<h2 class=\"wp-block-heading\" style=\"font-size:clamp(24.034px, 1.502rem + ((1vw - 3.2px) * 1.629), 40px);line-height:1.2\"><mark style=\"background-color:rgba(0, 0, 0, 0)\" class=\"has-inline-color has-theme-color\">R\u00e9seau scientifique \u00e9largi<\/mark><\/h2>\n\n\n\n<p class=\"has-text-color has-link-color has-inter-font-family wp-elements-26e5922c394765c5d11365938cb5aa67\" style=\"color:#444d4d;font-size:clamp(0.875rem, 0.875rem + ((1vw - 0.2rem) * 0.204), 1rem);line-height:1.5\">L\u2019ASTT s\u2019appuie sur un r\u00e9seau de chercheurs associ\u00e9s et d\u2019experts invit\u00e9s, mobilis\u00e9s selon les th\u00e9matiques et les besoins des travaux de recherche.<\/p>\n\n\n\n<p class=\"has-text-color has-link-color has-inter-font-family wp-elements-105d792081db7848fcddaa9f4b2795eb\" style=\"color:#444d4d;font-size:clamp(0.875rem, 0.875rem + ((1vw - 0.2rem) * 0.204), 1rem);line-height:1.5\"><\/p>\n<\/div>\n<\/div>\n\n\n\n<div class=\"wp-block-columns are-vertically-aligned-center is-layout-flex wp-container-core-columns-is-layout-69b1b98f wp-block-columns-is-layout-flex\">\n<div class=\"wp-block-column is-vertically-aligned-center is-layout-flow wp-block-column-is-layout-flow\" style=\"padding-right:0;padding-left:0\">\n<h2 class=\"wp-block-heading\" style=\"font-size:clamp(24.034px, 1.502rem + ((1vw - 3.2px) * 1.629), 40px);line-height:1.2\"><mark style=\"background-color:rgba(0, 0, 0, 0)\" class=\"has-inline-color has-theme-color\">Une organisation \u00e9volutive<\/mark><\/h2>\n\n\n\n<p class=\"has-text-color has-link-color has-inter-font-family wp-elements-49d582432bf679f64c2ff16b5499e369\" style=\"color:#444d4d;font-size:clamp(0.875rem, 0.875rem + ((1vw - 0.2rem) * 0.204), 1rem);line-height:1.5\">La gouvernance et l\u2019organisation de l\u2019ASTT sont con\u00e7ues pour \u00e9voluer progressivement, en fonction du d\u00e9veloppement des activit\u00e9s, des partenariats et des priorit\u00e9s scientifiques.<\/p>\n\n\n\n<p class=\"has-text-color has-link-color has-inter-font-family wp-elements-105d792081db7848fcddaa9f4b2795eb\" style=\"color:#444d4d;font-size:clamp(0.875rem, 0.875rem + ((1vw - 0.2rem) * 0.204), 1rem);line-height:1.5\"><\/p>\n<\/div>\n<\/div>\n<\/div>\n\n\n\n<div class=\"wp-block-group wb-banner-content has-global-padding is-layout-constrained wp-container-core-group-is-layout-3d7f9668 wp-block-group-is-layout-constrained\" style=\"padding-top:0;padding-right:var(--wp--preset--spacing--40);padding-bottom:0;padding-left:var(--wp--preset--spacing--40)\">\n<div class=\"wp-block-columns are-vertically-aligned-center is-layout-flex wp-container-core-columns-is-layout-69b1b98f wp-block-columns-is-layout-flex\">\n<div class=\"wp-block-column is-vertically-aligned-center is-layout-flow wp-block-column-is-layout-flow\" style=\"padding-right:0;padding-left:0\">\n<h2 class=\"wp-block-heading\" style=\"font-size:clamp(24.034px, 1.502rem + ((1vw - 3.2px) * 1.629), 40px);line-height:1.2\"><mark style=\"background-color:rgba(0, 0, 0, 0)\" class=\"has-inline-color has-theme-color\">Transparence et responsabilit\u00e9<\/mark><\/h2>\n\n\n\n<p class=\"has-text-color has-link-color has-inter-font-family wp-elements-5641012d72cbe48b6cd82768dcc7755b\" style=\"color:#444d4d;font-size:clamp(0.875rem, 0.875rem + ((1vw - 0.2rem) * 0.204), 1rem);line-height:1.5\">L\u2019ASTT s\u2019engage \u00e0 publier ses orientations scientifiques, ses m\u00e9thodes de travail et, le cas \u00e9ch\u00e9ant, les principes encadrant ses partenariats et ses financements.<\/p>\n<\/div>\n<\/div>\n<\/div>\n\n\n\n<p><\/p>\n","protected":false},"excerpt":{"rendered":"<p>Principes de gouvernance La gouvernance de l\u2019ASTT repose sur des principes d\u2019ind\u00e9pendance scientifique, de transparence, de coll\u00e9gialit\u00e9 et de responsabilit\u00e9.Elle<\/p>\n","protected":false},"author":1,"featured_media":0,"parent":0,"menu_order":0,"comment_status":"closed","ping_status":"closed","template":"","meta":{"_eb_attr":"","_uag_custom_page_level_css":"","footnotes":""},"class_list":["post-188","page","type-page","status-publish","hentry"],"uagb_featured_image_src":{"full":false,"thumbnail":false,"medium":false,"medium_large":false,"large":false,"1536x1536":false,"2048x2048":false},"uagb_author_info":{"display_name":"ASTT_Admin","author_link":"https:\/\/astt-dz.com\/author\/astt_admin\/"},"uagb_comment_info":0,"uagb_excerpt":"Principes de gouvernance La gouvernance de l\u2019ASTT repose sur des principes d\u2019ind\u00e9pendance scientifique, de transparence, de coll\u00e9gialit\u00e9 et de responsabilit\u00e9.Elle","_links":{"self":[{"href":"https:\/\/astt-dz.com\/index.php\/wp-json\/wp\/v2\/pages\/188","targetHints":{"allow":["GET"]}}],"collection":[{"href":"https:\/\/astt-dz.com\/index.php\/wp-json\/wp\/v2\/pages"}],"about":[{"href":"https:\/\/astt-dz.com\/index.php\/wp-json\/wp\/v2\/types\/page"}],"author":[{"embeddable":true,"href":"https:\/\/astt-dz.com\/index.php\/wp-json\/wp\/v2\/users\/1"}],"replies":[{"embeddable":true,"href":"https:\/\/astt-dz.com\/index.php\/wp-json\/wp\/v2\/comments?post=188"}],"version-history":[{"count":16,"href":"https:\/\/astt-dz.com\/index.php\/wp-json\/wp\/v2\/pages\/188\/revisions"}],"predecessor-version":[{"id":472,"href":"https:\/\/astt-dz.com\/index.php\/wp-json\/wp\/v2\/pages\/188\/revisions\/472"}],"wp:attachment":[{"href":"https:\/\/astt-dz.com\/index.php\/wp-json\/wp\/v2\/media?parent=188"}],"curies":[{"name":"wp","href":"https:\/\/api.w.org\/{rel}","templated":true}]}}