{"id":147,"date":"2025-12-27T22:08:57","date_gmt":"2025-12-27T22:08:57","guid":{"rendered":"https:\/\/astt-dz.com\/?page_id=147"},"modified":"2026-01-02T18:31:20","modified_gmt":"2026-01-02T18:31:20","slug":"axe-6","status":"publish","type":"page","link":"https:\/\/astt-dz.com\/index.php\/axe-6\/","title":{"rendered":"\u00c9ducation, Recherche &amp; transformation sociale"},"content":{"rendered":"\n<main class=\"wp-block-group craftify-best-selling has-global-padding is-layout-constrained wp-container-core-group-is-layout-56abcb66 wp-block-group-is-layout-constrained\" style=\"margin-top:0;margin-bottom:0;padding-top:var(--wp--preset--spacing--80);padding-right:var(--wp--preset--spacing--20);padding-bottom:var(--wp--preset--spacing--80);padding-left:var(--wp--preset--spacing--20)\">\n<div class=\"wp-block-columns is-layout-flex wp-container-core-columns-is-layout-f75fd3cf wp-block-columns-is-layout-flex\" style=\"padding-top:var(--wp--preset--spacing--60)\">\n<div class=\"wp-block-column has-box-shadow is-layout-flow wp-block-column-is-layout-flow\" style=\"border-radius:15px;padding-top:var(--wp--preset--spacing--60);padding-right:var(--wp--preset--spacing--60);padding-bottom:var(--wp--preset--spacing--60);padding-left:var(--wp--preset--spacing--60)\">\n<h2 class=\"wp-block-heading has-text-color has-link-color wp-elements-ea86602a07496266f3a7c95e9f04fae5\" style=\"color:#003a36;margin-top:var(--wp--preset--spacing--40);margin-bottom:var(--wp--preset--spacing--40);font-size:clamp(15.747px, 0.984rem + ((1vw - 3.2px) * 0.842), 24px);font-style:normal;font-weight:700\">Pr\u00e9sentation<\/h2>\n\n\n\n<div class=\"wp-block-group has-global-padding is-layout-constrained wp-container-core-group-is-layout-94e0f4c8 wp-block-group-is-layout-constrained\" style=\"padding-top:var(--wp--preset--spacing--20)\">\n<p><span class=\"has-superb-addons-text-align-justify\">L\u2019innovation, l\u2019\u00e9ducation et la production de connaissances constituent des leviers essentiels de comp\u00e9titivit\u00e9, de souverainet\u00e9 scientifique et de d\u00e9veloppement durable.<br>Cet axe vise \u00e0 analyser et renforcer les syst\u00e8mes d\u2019innovation, les dispositifs \u00e9ducatifs et le lien entre recherche, industrie et soci\u00e9t\u00e9, afin de soutenir une \u00e9conomie fond\u00e9e sur le savoir et la technologie.<\/span><\/p>\n\n\n\n<p><span class=\"has-superb-addons-text-align-justify\">L\u2019ASTT adopte une approche int\u00e9gr\u00e9e combinant <strong>analyse des syst\u00e8mes d\u2019innovation<\/strong>, <strong>prospective des comp\u00e9tences<\/strong>, <strong>\u00e9valuation des politiques \u00e9ducatives<\/strong> et <strong>recommandations strat\u00e9giques<\/strong>, au service du d\u00e9veloppement du capital humain et scientifique.<\/span><\/p>\n<\/div>\n<\/div>\n<\/div>\n\n\n\n<div class=\"wp-block-columns is-layout-flex wp-container-core-columns-is-layout-f75fd3cf wp-block-columns-is-layout-flex\" style=\"padding-top:var(--wp--preset--spacing--60)\">\n<div class=\"wp-block-column has-box-shadow is-layout-flow wp-block-column-is-layout-flow\" style=\"border-radius:15px;padding-top:var(--wp--preset--spacing--60);padding-right:var(--wp--preset--spacing--60);padding-bottom:var(--wp--preset--spacing--60);padding-left:var(--wp--preset--spacing--60)\">\n<h2 class=\"wp-block-heading has-text-color has-link-color wp-elements-9cce04a353c2e60748e3f9d09f7f80fb\" style=\"color:#003a36;margin-top:var(--wp--preset--spacing--40);margin-bottom:var(--wp--preset--spacing--40);font-size:clamp(15.747px, 0.984rem + ((1vw - 3.2px) * 0.842), 24px);font-style:normal;font-weight:700\">Objectifs strat\u00e9giques<\/h2>\n\n\n\n<div class=\"wp-block-group has-global-padding is-layout-constrained wp-container-core-group-is-layout-94e0f4c8 wp-block-group-is-layout-constrained\" style=\"padding-top:var(--wp--preset--spacing--20)\">\n<p class=\"list\">D\u00e9velopper et valoriser le capital humain<\/p>\n\n\n\n<p class=\"list\">Renforcer les syst\u00e8mes nationaux d\u2019innovation<\/p>\n\n\n\n<p class=\"list\">Adapter l\u2019\u00e9ducation et la formation aux comp\u00e9tences du futur<\/p>\n\n\n\n<p class=\"list\">Favoriser le transfert technologique et la valorisation de la recherche<\/p>\n\n\n\n<p class=\"list\">Soutenir l\u2019entrepreneuriat scientifique et la deep tech<\/p>\n<\/div>\n<\/div>\n<\/div>\n\n\n\n<div class=\"wp-block-group has-global-padding is-layout-constrained wp-container-core-group-is-layout-526627f6 wp-block-group-is-layout-constrained\" style=\"padding-top:var(--wp--preset--spacing--80);padding-right:var(--wp--preset--spacing--30);padding-bottom:var(--wp--preset--spacing--80);padding-left:var(--wp--preset--spacing--30)\">\n<h2 class=\"wp-block-heading has-text-align-center\" style=\"font-size:clamp(20px, 1.25rem + ((1vw - 3.2px) * 1.224), 32px);\"><mark style=\"background-color:rgba(0, 0, 0, 0)\" class=\"has-inline-color has-theme-color\">Th\u00e9matiques de recherche<\/mark><\/h2>\n\n\n\n<div class=\"wp-block-columns is-layout-flex wp-container-core-columns-is-layout-f75fd3cf wp-block-columns-is-layout-flex\" style=\"padding-top:var(--wp--preset--spacing--60)\">\n<div class=\"wp-block-column has-box-shadow is-layout-flow wp-block-column-is-layout-flow\" style=\"border-radius:15px;padding-top:var(--wp--preset--spacing--60);padding-right:var(--wp--preset--spacing--60);padding-bottom:var(--wp--preset--spacing--60);padding-left:var(--wp--preset--spacing--60)\">\n<div class=\"wp-block-group is-nowrap is-layout-flex wp-container-core-group-is-layout-6c531013 wp-block-group-is-layout-flex\">\n<div class=\"wp-block-group has-background has-global-padding is-layout-constrained wp-container-core-group-is-layout-52009084 wp-block-group-is-layout-constrained\" style=\"border-radius:16px;background-color:#e6f2f1;padding-top:var(--wp--preset--spacing--40);padding-right:var(--wp--preset--spacing--40);padding-bottom:var(--wp--preset--spacing--40);padding-left:var(--wp--preset--spacing--40)\">\n<figure class=\"wp-block-image size-full is-resized wp-duotone-rgb2410297-7f7f7f-1\"><img decoding=\"async\" src=\"https:\/\/astt-dz.com\/wp-content\/themes\/bizora\/assets\/images\/service-5.png\" alt=\"\" class=\"wp-image-1475\" style=\"width:42px;height:auto\"\/><\/figure>\n<\/div>\n<\/div>\n\n\n\n<h2 class=\"wp-block-heading has-text-color has-link-color wp-elements-88a0bcd8d3c6ae3e186aaf9cf2e9e1bc\" style=\"color:#003a36;margin-top:var(--wp--preset--spacing--40);margin-bottom:var(--wp--preset--spacing--40);font-size:clamp(15.747px, 0.984rem + ((1vw - 3.2px) * 0.842), 24px);font-style:normal;font-weight:700\">Syst\u00e8mes nationaux d\u2019innovation<\/h2>\n\n\n\n<div class=\"wp-block-group has-global-padding is-layout-constrained wp-container-core-group-is-layout-94e0f4c8 wp-block-group-is-layout-constrained\" style=\"padding-top:var(--wp--preset--spacing--20)\">\n<p class=\"list\">Gouvernance et financement de l\u2019innovation<\/p>\n\n\n\n<p class=\"list\">Politiques scientifiques et technologiques<\/p>\n\n\n\n<p class=\"list\">\u00c9cosyst\u00e8mes d\u2019innovation et clusters<\/p>\n\n\n\n<p class=\"list\">Coop\u00e9ration recherche\u2013industrie<\/p>\n<\/div>\n<\/div>\n\n\n\n<div class=\"wp-block-column has-box-shadow is-layout-flow wp-block-column-is-layout-flow\" style=\"border-radius:15px;padding-top:var(--wp--preset--spacing--60);padding-right:var(--wp--preset--spacing--60);padding-bottom:var(--wp--preset--spacing--60);padding-left:var(--wp--preset--spacing--60)\">\n<div class=\"wp-block-group is-nowrap is-layout-flex wp-container-core-group-is-layout-6c531013 wp-block-group-is-layout-flex\">\n<div class=\"wp-block-group has-background has-global-padding is-layout-constrained wp-container-core-group-is-layout-52009084 wp-block-group-is-layout-constrained\" style=\"border-radius:16px;background-color:#e6f2f1;padding-top:var(--wp--preset--spacing--40);padding-right:var(--wp--preset--spacing--40);padding-bottom:var(--wp--preset--spacing--40);padding-left:var(--wp--preset--spacing--40)\">\n<figure class=\"wp-block-image size-full is-resized wp-duotone-rgb2410297-7f7f7f-2\"><img decoding=\"async\" src=\"https:\/\/astt-dz.com\/wp-content\/themes\/bizora\/assets\/images\/service-1.png\" alt=\"\" class=\"wp-image-1452\" style=\"width:42px;height:auto\"\/><\/figure>\n<\/div>\n<\/div>\n\n\n\n<h2 class=\"wp-block-heading has-text-color has-link-color wp-elements-be206552c4bf0fadb0ba298e2f2f9ead\" style=\"color:#003a36;margin-top:var(--wp--preset--spacing--40);margin-bottom:var(--wp--preset--spacing--40);font-size:clamp(15.747px, 0.984rem + ((1vw - 3.2px) * 0.842), 24px);font-style:normal;font-weight:700\">Transfert technologique &amp; valorisation de la recherche<\/h2>\n\n\n\n<div class=\"wp-block-group has-global-padding is-layout-constrained wp-container-core-group-is-layout-94e0f4c8 wp-block-group-is-layout-constrained\" style=\"padding-top:var(--wp--preset--spacing--20)\">\n<p class=\"list\">M\u00e9canismes de transfert et de valorisation<\/p>\n\n\n\n<p class=\"list\">Propri\u00e9t\u00e9 intellectuelle et innovation<\/p>\n\n\n\n<p class=\"list\">Interfaces universit\u00e9\u2013industrie<\/p>\n\n\n\n<p class=\"list\">Maturation technologique et TRL<\/p>\n<\/div>\n<\/div>\n<\/div>\n\n\n\n<div class=\"wp-block-columns is-layout-flex wp-container-core-columns-is-layout-f75fd3cf wp-block-columns-is-layout-flex\" style=\"padding-top:var(--wp--preset--spacing--60)\">\n<div class=\"wp-block-column has-box-shadow is-layout-flow wp-block-column-is-layout-flow\" style=\"border-radius:15px;padding-top:var(--wp--preset--spacing--60);padding-right:var(--wp--preset--spacing--60);padding-bottom:var(--wp--preset--spacing--60);padding-left:var(--wp--preset--spacing--60)\">\n<div class=\"wp-block-group is-nowrap is-layout-flex wp-container-core-group-is-layout-6c531013 wp-block-group-is-layout-flex\">\n<div class=\"wp-block-group has-background has-global-padding is-layout-constrained wp-container-core-group-is-layout-52009084 wp-block-group-is-layout-constrained\" style=\"border-radius:16px;background-color:#e6f2f1;padding-top:var(--wp--preset--spacing--40);padding-right:var(--wp--preset--spacing--40);padding-bottom:var(--wp--preset--spacing--40);padding-left:var(--wp--preset--spacing--40)\">\n<figure class=\"wp-block-image size-full is-resized wp-duotone-rgb2410297-7f7f7f-3\"><img decoding=\"async\" src=\"https:\/\/astt-dz.com\/wp-content\/themes\/bizora\/assets\/images\/service-2.png\" alt=\"\" class=\"wp-image-1472\" style=\"width:42px;height:auto\"\/><\/figure>\n<\/div>\n<\/div>\n\n\n\n<h2 class=\"wp-block-heading has-text-color has-link-color wp-elements-ed05d548a0451a2ee082a9e2bba996e0\" style=\"color:#003a36;margin-top:var(--wp--preset--spacing--40);margin-bottom:var(--wp--preset--spacing--40);font-size:clamp(15.747px, 0.984rem + ((1vw - 3.2px) * 0.842), 24px);font-style:normal;font-weight:700\">Entrepreneuriat scientifique &amp; deep tech<\/h2>\n\n\n\n<div class=\"wp-block-group has-global-padding is-layout-constrained wp-container-core-group-is-layout-94e0f4c8 wp-block-group-is-layout-constrained\" style=\"padding-top:var(--wp--preset--spacing--20)\">\n<p class=\"list\">Cr\u00e9ation de start-ups technologiques<\/p>\n\n\n\n<p class=\"list\">Deep tech et innovation de rupture<\/p>\n\n\n\n<p class=\"list\">Incubation, acc\u00e9l\u00e9ration et financement de l\u2019innovation<\/p>\n\n\n\n<p class=\"list\">R\u00f4le des chercheurs-entrepreneurs<\/p>\n<\/div>\n<\/div>\n\n\n\n<div class=\"wp-block-column has-box-shadow is-layout-flow wp-block-column-is-layout-flow\" style=\"border-radius:15px;padding-top:var(--wp--preset--spacing--60);padding-right:var(--wp--preset--spacing--60);padding-bottom:var(--wp--preset--spacing--60);padding-left:var(--wp--preset--spacing--60)\">\n<div class=\"wp-block-group is-nowrap is-layout-flex wp-container-core-group-is-layout-6c531013 wp-block-group-is-layout-flex\">\n<div class=\"wp-block-group has-background has-global-padding is-layout-constrained wp-container-core-group-is-layout-52009084 wp-block-group-is-layout-constrained\" style=\"border-radius:16px;background-color:#e6f2f1;padding-top:var(--wp--preset--spacing--40);padding-right:var(--wp--preset--spacing--40);padding-bottom:var(--wp--preset--spacing--40);padding-left:var(--wp--preset--spacing--40)\">\n<figure class=\"wp-block-image size-full is-resized wp-duotone-rgb2410297-7f7f7f-4\"><img decoding=\"async\" src=\"https:\/\/astt-dz.com\/wp-content\/themes\/bizora\/assets\/images\/service-4.png\" alt=\"\" class=\"wp-image-1474\" style=\"width:42px;height:auto\"\/><\/figure>\n<\/div>\n<\/div>\n\n\n\n<h2 class=\"wp-block-heading has-text-color has-link-color wp-elements-d2398e0cac595062cd6a12bc14875716\" style=\"color:#003a36;margin-top:var(--wp--preset--spacing--40);margin-bottom:var(--wp--preset--spacing--40);font-size:clamp(15.747px, 0.984rem + ((1vw - 3.2px) * 0.842), 24px);font-style:normal;font-weight:700\">Universit\u00e9, recherche &amp; \u00e9conomie du savoir<\/h2>\n\n\n\n<div class=\"wp-block-group has-global-padding is-layout-constrained wp-container-core-group-is-layout-94e0f4c8 wp-block-group-is-layout-constrained\" style=\"padding-top:var(--wp--preset--spacing--20)\">\n<p class=\"list\">Gouvernance universitaire et recherche<\/p>\n\n\n\n<p class=\"list\">Financement et performance de la recherche<\/p>\n\n\n\n<p class=\"list\">Internationalisation de l\u2019enseignement sup\u00e9rieur<\/p>\n\n\n\n<p class=\"list\">R\u00f4le des universit\u00e9s dans le d\u00e9veloppement \u00e9conomique<\/p>\n<\/div>\n<\/div>\n<\/div>\n\n\n\n<div class=\"wp-block-columns is-layout-flex wp-container-core-columns-is-layout-f75fd3cf wp-block-columns-is-layout-flex\" style=\"padding-top:var(--wp--preset--spacing--60)\">\n<div class=\"wp-block-column has-box-shadow is-layout-flow wp-block-column-is-layout-flow\" style=\"border-radius:15px;padding-top:var(--wp--preset--spacing--60);padding-right:var(--wp--preset--spacing--60);padding-bottom:var(--wp--preset--spacing--60);padding-left:var(--wp--preset--spacing--60)\">\n<h2 class=\"wp-block-heading has-text-color has-link-color wp-elements-71d9ce50083fa36c664b8f7fc5135d49\" style=\"color:#003a36;margin-top:var(--wp--preset--spacing--40);margin-bottom:var(--wp--preset--spacing--40);font-size:clamp(15.747px, 0.984rem + ((1vw - 3.2px) * 0.842), 24px);font-style:normal;font-weight:700\">Types de travaux produits<\/h2>\n\n\n\n<div class=\"wp-block-group has-global-padding is-layout-constrained wp-container-core-group-is-layout-94e0f4c8 wp-block-group-is-layout-constrained\" style=\"padding-top:var(--wp--preset--spacing--20)\">\n<p class=\"list\">\u00c9tudes strat\u00e9giques sur l\u2019innovation et l\u2019\u00e9ducation<\/p>\n\n\n\n<p class=\"list\">Livres blancs et rapports de prospective<\/p>\n\n\n\n<p class=\"list\">Propositions de r\u00e9formes \u00e9ducatives et scientifiques<\/p>\n\n\n\n<p class=\"list\">Benchmarks internationaux et analyses comparatives<\/p>\n\n\n\n<p class=\"list\">Notes strat\u00e9giques et policy briefs<\/p>\n<\/div>\n<\/div>\n<\/div>\n\n\n\n<div class=\"wp-block-columns is-layout-flex wp-container-core-columns-is-layout-f75fd3cf wp-block-columns-is-layout-flex\" style=\"padding-top:var(--wp--preset--spacing--60)\">\n<div class=\"wp-block-column has-box-shadow is-layout-flow wp-block-column-is-layout-flow\" style=\"border-radius:15px;padding-top:var(--wp--preset--spacing--60);padding-right:var(--wp--preset--spacing--60);padding-bottom:var(--wp--preset--spacing--60);padding-left:var(--wp--preset--spacing--60)\">\n<h2 class=\"wp-block-heading has-text-color has-link-color wp-elements-35ce71adf3d39eb007c6ee51f199eea9\" style=\"color:#003a36;margin-top:var(--wp--preset--spacing--40);margin-bottom:var(--wp--preset--spacing--40);font-size:clamp(15.747px, 0.984rem + ((1vw - 3.2px) * 0.842), 24px);font-style:normal;font-weight:700\">Impact attendu<\/h2>\n\n\n\n<div class=\"wp-block-group has-global-padding is-layout-constrained wp-container-core-group-is-layout-94e0f4c8 wp-block-group-is-layout-constrained\" style=\"padding-top:var(--wp--preset--spacing--20)\">\n<p class=\"list\">Renforcement du capital humain et scientifique<\/p>\n\n\n\n<p class=\"list\">Meilleure ad\u00e9quation entre formation, recherche et besoins \u00e9conomiques<\/p>\n\n\n\n<p class=\"list\">Acc\u00e9l\u00e9ration de l\u2019innovation et du transfert technologique<\/p>\n\n\n\n<p class=\"list\">D\u00e9veloppement d\u2019un entrepreneuriat technologique durable<\/p>\n\n\n\n<p class=\"list\">Soutien \u00e0 une \u00e9conomie fond\u00e9e sur le savoir<\/p>\n<\/div>\n<\/div>\n<\/div>\n\n\n<\/div>\n<\/main>\n\n\n\n<p><\/p>\n","protected":false},"excerpt":{"rendered":"<p>Pr\u00e9sentation L\u2019innovation, l\u2019\u00e9ducation et la production de connaissances constituent des leviers essentiels de comp\u00e9titivit\u00e9, de souverainet\u00e9 scientifique et de d\u00e9veloppement<\/p>\n","protected":false},"author":1,"featured_media":0,"parent":0,"menu_order":0,"comment_status":"closed","ping_status":"closed","template":"","meta":{"_eb_attr":"","_uag_custom_page_level_css":"","footnotes":""},"class_list":["post-147","page","type-page","status-publish","hentry"],"uagb_featured_image_src":{"full":false,"thumbnail":false,"medium":false,"medium_large":false,"large":false,"1536x1536":false,"2048x2048":false},"uagb_author_info":{"display_name":"ASTT_Admin","author_link":"https:\/\/astt-dz.com\/author\/astt_admin\/"},"uagb_comment_info":0,"uagb_excerpt":"Pr\u00e9sentation L\u2019innovation, l\u2019\u00e9ducation et la production de connaissances constituent des leviers essentiels de comp\u00e9titivit\u00e9, de souverainet\u00e9 scientifique et de d\u00e9veloppement","_links":{"self":[{"href":"https:\/\/astt-dz.com\/index.php\/wp-json\/wp\/v2\/pages\/147","targetHints":{"allow":["GET"]}}],"collection":[{"href":"https:\/\/astt-dz.com\/index.php\/wp-json\/wp\/v2\/pages"}],"about":[{"href":"https:\/\/astt-dz.com\/index.php\/wp-json\/wp\/v2\/types\/page"}],"author":[{"embeddable":true,"href":"https:\/\/astt-dz.com\/index.php\/wp-json\/wp\/v2\/users\/1"}],"replies":[{"embeddable":true,"href":"https:\/\/astt-dz.com\/index.php\/wp-json\/wp\/v2\/comments?post=147"}],"version-history":[{"count":4,"href":"https:\/\/astt-dz.com\/index.php\/wp-json\/wp\/v2\/pages\/147\/revisions"}],"predecessor-version":[{"id":445,"href":"https:\/\/astt-dz.com\/index.php\/wp-json\/wp\/v2\/pages\/147\/revisions\/445"}],"wp:attachment":[{"href":"https:\/\/astt-dz.com\/index.php\/wp-json\/wp\/v2\/media?parent=147"}],"curies":[{"name":"wp","href":"https:\/\/api.w.org\/{rel}","templated":true}]}}