{"id":140,"date":"2025-12-27T22:04:31","date_gmt":"2025-12-27T22:04:31","guid":{"rendered":"https:\/\/astt-dz.com\/?page_id=140"},"modified":"2026-01-01T22:29:39","modified_gmt":"2026-01-01T22:29:39","slug":"axe-2","status":"publish","type":"page","link":"https:\/\/astt-dz.com\/index.php\/axe-2\/","title":{"rendered":"\u00c9nergie, Industrie, &amp; syst\u00e8mes de production"},"content":{"rendered":"\n<main class=\"wp-block-group craftify-best-selling has-global-padding is-layout-constrained wp-container-core-group-is-layout-56abcb66 wp-block-group-is-layout-constrained\" style=\"margin-top:0;margin-bottom:0;padding-top:var(--wp--preset--spacing--80);padding-right:var(--wp--preset--spacing--20);padding-bottom:var(--wp--preset--spacing--80);padding-left:var(--wp--preset--spacing--20)\">\n<div class=\"wp-block-columns is-layout-flex wp-container-core-columns-is-layout-f75fd3cf wp-block-columns-is-layout-flex\" style=\"padding-top:var(--wp--preset--spacing--60)\">\n<div class=\"wp-block-column has-box-shadow is-layout-flow wp-block-column-is-layout-flow\" style=\"border-radius:15px;padding-top:var(--wp--preset--spacing--60);padding-right:var(--wp--preset--spacing--60);padding-bottom:var(--wp--preset--spacing--60);padding-left:var(--wp--preset--spacing--60)\">\n<h2 class=\"wp-block-heading has-text-color has-link-color wp-elements-ea86602a07496266f3a7c95e9f04fae5\" style=\"color:#003a36;margin-top:var(--wp--preset--spacing--40);margin-bottom:var(--wp--preset--spacing--40);font-size:clamp(15.747px, 0.984rem + ((1vw - 3.2px) * 0.842), 24px);font-style:normal;font-weight:700\">Pr\u00e9sentation<\/h2>\n\n\n\n<div class=\"wp-block-group has-global-padding is-layout-constrained wp-container-core-group-is-layout-94e0f4c8 wp-block-group-is-layout-constrained\" style=\"padding-top:var(--wp--preset--spacing--20)\">\n<p><span class=\"has-superb-addons-text-align-justify\">L\u2019\u00e9nergie et l\u2019industrie constituent des piliers indissociables de la souverainet\u00e9 \u00e9conomique, de la s\u00e9curit\u00e9 nationale et du d\u00e9veloppement durable. La ma\u00eetrise des syst\u00e8mes \u00e9nerg\u00e9tiques, combin\u00e9e \u00e0 la modernisation du tissu industriel, est un levier central de cr\u00e9ation de valeur, de comp\u00e9titivit\u00e9 et d\u2019emploi.<\/span><\/p>\n\n\n\n<p><span class=\"has-superb-addons-text-align-justify\">Cet axe vise \u00e0 analyser, accompagner et orienter la transformation conjointe des syst\u00e8mes industriels et \u00e9nerg\u00e9tiques, \u00e0 travers l\u2019int\u00e9gration des technologies avanc\u00e9es, de l\u2019automatisation, de l\u2019\u00e9lectronique, de la robotique et des syst\u00e8mes de production intelligents, tout en soutenant la transition \u00e9nerg\u00e9tique, l\u2019efficacit\u00e9 des ressources et la d\u00e9carbonation de l\u2019industrie.<\/span><\/p>\n\n\n\n<p><span class=\"has-superb-addons-text-align-justify\">L\u2019ASTT adopte une approche strat\u00e9gique et prospective combinant analyse industrielle et \u00e9nerg\u00e9tique, veille technologique, benchmarking international et recommandations op\u00e9rationnelles, afin de renforcer les capacit\u00e9s nationales de production, d\u2019innovation et d\u2019autonomie \u00e9nerg\u00e9tique, et de soutenir une industrialisation durable et r\u00e9siliente.<\/span><\/p>\n<\/div>\n<\/div>\n<\/div>\n\n\n\n<div class=\"wp-block-columns is-layout-flex wp-container-core-columns-is-layout-f75fd3cf wp-block-columns-is-layout-flex\" style=\"padding-top:var(--wp--preset--spacing--60)\">\n<div class=\"wp-block-column has-box-shadow is-layout-flow wp-block-column-is-layout-flow\" style=\"border-radius:15px;padding-top:var(--wp--preset--spacing--60);padding-right:var(--wp--preset--spacing--60);padding-bottom:var(--wp--preset--spacing--60);padding-left:var(--wp--preset--spacing--60)\">\n<h2 class=\"wp-block-heading has-text-color has-link-color wp-elements-9cce04a353c2e60748e3f9d09f7f80fb\" style=\"color:#003a36;margin-top:var(--wp--preset--spacing--40);margin-bottom:var(--wp--preset--spacing--40);font-size:clamp(15.747px, 0.984rem + ((1vw - 3.2px) * 0.842), 24px);font-style:normal;font-weight:700\">Objectifs strat\u00e9giques<\/h2>\n\n\n\n<div class=\"wp-block-group has-global-padding is-layout-constrained wp-container-core-group-is-layout-94e0f4c8 wp-block-group-is-layout-constrained\" style=\"padding-top:var(--wp--preset--spacing--20)\">\n<p class=\"list\">Moderniser et renforcer durablement le tissu industriel national<\/p>\n\n\n\n<p class=\"list\">D\u00e9velopper des capacit\u00e9s locales en \u00e9lectronique, robotique et syst\u00e8mes embarqu\u00e9s<\/p>\n\n\n\n<p class=\"list\">Accompagner la transition \u00e9nerg\u00e9tique des secteurs industriels<\/p>\n\n\n\n<p class=\"list\">Promouvoir l\u2019efficacit\u00e9 \u00e9nerg\u00e9tique et la d\u00e9carbonation des syst\u00e8mes de production<\/p>\n\n\n\n<p class=\"list\">Acc\u00e9l\u00e9rer l\u2019adoption de l\u2019industrie 4.0 et des technologies avanc\u00e9es<\/p>\n\n\n\n<p class=\"list\">Am\u00e9liorer la productivit\u00e9, la qualit\u00e9 et la comp\u00e9titivit\u00e9 industrielle<\/p>\n\n\n\n<p class=\"list\">Structurer et s\u00e9curiser les cha\u00eenes de valeur industrielles et \u00e9nerg\u00e9tiques<\/p>\n\n\n\n<p class=\"list\">R\u00e9duire les d\u00e9pendances technologiques et \u00e9nerg\u00e9tiques critiques<\/p>\n<\/div>\n<\/div>\n<\/div>\n\n\n\n<div class=\"wp-block-group has-global-padding is-layout-constrained wp-container-core-group-is-layout-526627f6 wp-block-group-is-layout-constrained\" style=\"padding-top:var(--wp--preset--spacing--80);padding-right:var(--wp--preset--spacing--30);padding-bottom:var(--wp--preset--spacing--80);padding-left:var(--wp--preset--spacing--30)\">\n<h2 class=\"wp-block-heading has-text-align-center\" style=\"font-size:clamp(20px, 1.25rem + ((1vw - 3.2px) * 1.224), 32px);\"><mark style=\"background-color:rgba(0, 0, 0, 0)\" class=\"has-inline-color has-theme-color\">Th\u00e9matiques de recherche<\/mark><\/h2>\n\n\n\n<div class=\"wp-block-columns is-layout-flex wp-container-core-columns-is-layout-f75fd3cf wp-block-columns-is-layout-flex\" style=\"padding-top:var(--wp--preset--spacing--60)\">\n<div class=\"wp-block-column has-box-shadow is-layout-flow wp-block-column-is-layout-flow\" style=\"border-radius:15px;padding-top:var(--wp--preset--spacing--60);padding-right:var(--wp--preset--spacing--60);padding-bottom:var(--wp--preset--spacing--60);padding-left:var(--wp--preset--spacing--60)\">\n<div class=\"wp-block-group is-nowrap is-layout-flex wp-container-core-group-is-layout-6c531013 wp-block-group-is-layout-flex\">\n<div class=\"wp-block-group has-background has-global-padding is-layout-constrained wp-container-core-group-is-layout-52009084 wp-block-group-is-layout-constrained\" style=\"border-radius:16px;background-color:#e6f2f1;padding-top:var(--wp--preset--spacing--40);padding-right:var(--wp--preset--spacing--40);padding-bottom:var(--wp--preset--spacing--40);padding-left:var(--wp--preset--spacing--40)\">\n<figure class=\"wp-block-image size-full is-resized wp-duotone-rgb2410297-7f7f7f-1\"><img decoding=\"async\" src=\"https:\/\/astt-dz.com\/wp-content\/themes\/bizora\/assets\/images\/service-5.png\" alt=\"\" class=\"wp-image-1475\" style=\"width:42px;height:auto\"\/><\/figure>\n<\/div>\n<\/div>\n\n\n\n<h2 class=\"wp-block-heading has-text-color has-link-color wp-elements-b87f8a386b1c182c582068925d4b96ea\" style=\"color:#003a36;margin-top:var(--wp--preset--spacing--40);margin-bottom:var(--wp--preset--spacing--40);font-size:clamp(15.747px, 0.984rem + ((1vw - 3.2px) * 0.842), 24px);font-style:normal;font-weight:700\">Industrie 4.0 &amp; transformation industrielle<\/h2>\n\n\n\n<div class=\"wp-block-group has-global-padding is-layout-constrained wp-container-core-group-is-layout-94e0f4c8 wp-block-group-is-layout-constrained\" style=\"padding-top:var(--wp--preset--spacing--20)\">\n<p class=\"list\">Num\u00e9risation des syst\u00e8mes de production<\/p>\n\n\n\n<p class=\"list\">Automatisation et pilotage intelligent des usines<\/p>\n\n\n\n<p class=\"list\">Int\u00e9gration des syst\u00e8mes cyber-physiques<\/p>\n\n\n\n<p class=\"list\">Jumeaux num\u00e9riques et usines intelligentes<\/p>\n<\/div>\n<\/div>\n\n\n\n<div class=\"wp-block-column has-box-shadow is-layout-flow wp-block-column-is-layout-flow\" style=\"border-radius:15px;padding-top:var(--wp--preset--spacing--60);padding-right:var(--wp--preset--spacing--60);padding-bottom:var(--wp--preset--spacing--60);padding-left:var(--wp--preset--spacing--60)\">\n<div class=\"wp-block-group is-nowrap is-layout-flex wp-container-core-group-is-layout-6c531013 wp-block-group-is-layout-flex\">\n<div class=\"wp-block-group has-background has-global-padding is-layout-constrained wp-container-core-group-is-layout-52009084 wp-block-group-is-layout-constrained\" style=\"border-radius:16px;background-color:#e6f2f1;padding-top:var(--wp--preset--spacing--40);padding-right:var(--wp--preset--spacing--40);padding-bottom:var(--wp--preset--spacing--40);padding-left:var(--wp--preset--spacing--40)\">\n<figure class=\"wp-block-image size-full is-resized wp-duotone-rgb2410297-7f7f7f-2\"><img decoding=\"async\" src=\"https:\/\/astt-dz.com\/wp-content\/themes\/bizora\/assets\/images\/service-4.png\" alt=\"\" class=\"wp-image-1474\" style=\"width:42px;height:auto\"\/><\/figure>\n<\/div>\n<\/div>\n\n\n\n<h2 class=\"wp-block-heading has-text-color has-link-color wp-elements-14561af26db05fe7e675f18316e50867\" style=\"color:#003a36;margin-top:var(--wp--preset--spacing--40);margin-bottom:var(--wp--preset--spacing--40);font-size:clamp(15.747px, 0.984rem + ((1vw - 3.2px) * 0.842), 24px);font-style:normal;font-weight:700\">\u00c9lectronique, micro\u00e9lectronique &amp; capteurs<\/h2>\n\n\n\n<div class=\"wp-block-group has-global-padding is-layout-constrained wp-container-core-group-is-layout-94e0f4c8 wp-block-group-is-layout-constrained\" style=\"padding-top:var(--wp--preset--spacing--20)\">\n<p class=\"list\">Conception et fabrication de composants \u00e9lectroniques<\/p>\n\n\n\n<p class=\"list\">Micro\u00e9lectronique et syst\u00e8mes sur puce<\/p>\n\n\n\n<p class=\"list\">Capteurs intelligents et instrumentation industrielle<\/p>\n\n\n\n<p class=\"list\">Cha\u00eenes d\u2019approvisionnement \u00e9lectroniques strat\u00e9giques<\/p>\n<\/div>\n<\/div>\n<\/div>\n\n\n\n<div class=\"wp-block-columns is-layout-flex wp-container-core-columns-is-layout-f75fd3cf wp-block-columns-is-layout-flex\" style=\"padding-top:var(--wp--preset--spacing--60)\">\n<div class=\"wp-block-column has-box-shadow is-layout-flow wp-block-column-is-layout-flow\" style=\"border-radius:15px;padding-top:var(--wp--preset--spacing--60);padding-right:var(--wp--preset--spacing--60);padding-bottom:var(--wp--preset--spacing--60);padding-left:var(--wp--preset--spacing--60)\">\n<div class=\"wp-block-group is-nowrap is-layout-flex wp-container-core-group-is-layout-6c531013 wp-block-group-is-layout-flex\">\n<div class=\"wp-block-group has-background has-global-padding is-layout-constrained wp-container-core-group-is-layout-52009084 wp-block-group-is-layout-constrained\" style=\"border-radius:16px;background-color:#e6f2f1;padding-top:var(--wp--preset--spacing--40);padding-right:var(--wp--preset--spacing--40);padding-bottom:var(--wp--preset--spacing--40);padding-left:var(--wp--preset--spacing--40)\">\n<figure class=\"wp-block-image size-full is-resized wp-duotone-rgb2410297-7f7f7f-3\"><img decoding=\"async\" src=\"https:\/\/astt-dz.com\/wp-content\/themes\/bizora\/assets\/images\/service-1.png\" alt=\"\" class=\"wp-image-1452\" style=\"width:42px;height:auto\"\/><\/figure>\n<\/div>\n<\/div>\n\n\n\n<h2 class=\"wp-block-heading has-text-color has-link-color wp-elements-982b74555ff27e3c321ab0fef000b4e8\" style=\"color:#003a36;margin-top:var(--wp--preset--spacing--40);margin-bottom:var(--wp--preset--spacing--40);font-size:clamp(15.747px, 0.984rem + ((1vw - 3.2px) * 0.842), 24px);font-style:normal;font-weight:700\">Robotique industrielle &amp; syst\u00e8mes embarqu\u00e9s<\/h2>\n\n\n\n<div class=\"wp-block-group has-global-padding is-layout-constrained wp-container-core-group-is-layout-94e0f4c8 wp-block-group-is-layout-constrained\" style=\"padding-top:var(--wp--preset--spacing--20)\">\n<p class=\"list\">Robotique industrielle et collaborative<\/p>\n\n\n\n<p class=\"list\">Syst\u00e8mes embarqu\u00e9s temps r\u00e9el<\/p>\n\n\n\n<p class=\"list\">Automatisation avanc\u00e9e des processus industriels<\/p>\n\n\n\n<p class=\"list\">Applications robotiques dans la production et la logistique<\/p>\n<\/div>\n<\/div>\n\n\n\n<div class=\"wp-block-column has-box-shadow is-layout-flow wp-block-column-is-layout-flow\" style=\"border-radius:15px;padding-top:var(--wp--preset--spacing--60);padding-right:var(--wp--preset--spacing--60);padding-bottom:var(--wp--preset--spacing--60);padding-left:var(--wp--preset--spacing--60)\">\n<div class=\"wp-block-group is-nowrap is-layout-flex wp-container-core-group-is-layout-6c531013 wp-block-group-is-layout-flex\">\n<div class=\"wp-block-group has-background has-global-padding is-layout-constrained wp-container-core-group-is-layout-52009084 wp-block-group-is-layout-constrained\" style=\"border-radius:16px;background-color:#e6f2f1;padding-top:var(--wp--preset--spacing--40);padding-right:var(--wp--preset--spacing--40);padding-bottom:var(--wp--preset--spacing--40);padding-left:var(--wp--preset--spacing--40)\">\n<figure class=\"wp-block-image size-full is-resized wp-duotone-rgb2410297-7f7f7f-4\"><img decoding=\"async\" src=\"https:\/\/astt-dz.com\/wp-content\/themes\/bizora\/assets\/images\/service-2.png\" alt=\"\" class=\"wp-image-1472\" style=\"width:42px;height:auto\"\/><\/figure>\n<\/div>\n<\/div>\n\n\n\n<h2 class=\"wp-block-heading has-text-color has-link-color wp-elements-3d315f1d5839a601f85fbf9a8683415d\" style=\"color:#003a36;margin-top:var(--wp--preset--spacing--40);margin-bottom:var(--wp--preset--spacing--40);font-size:clamp(15.747px, 0.984rem + ((1vw - 3.2px) * 0.842), 24px);font-style:normal;font-weight:700\">\u00c9nergie &amp; transition \u00e9nerg\u00e9tique<\/h2>\n\n\n\n<div class=\"wp-block-group has-global-padding is-layout-constrained wp-container-core-group-is-layout-94e0f4c8 wp-block-group-is-layout-constrained\" style=\"padding-top:var(--wp--preset--spacing--20)\">\n<p class=\"list\">Syst\u00e8mes \u00e9nerg\u00e9tiques industriels et int\u00e9gration des renouvelables<\/p>\n\n\n\n<p class=\"list\">Efficacit\u00e9 \u00e9nerg\u00e9tique et optimisation des consommations industrielles<\/p>\n\n\n\n<p class=\"list\">\u00c9lectrification des proc\u00e9d\u00e9s industriels<\/p>\n\n\n\n<p class=\"list\">Hydrog\u00e8ne, stockage de l\u2019\u00e9nergie et vecteurs \u00e9nerg\u00e9tiques alternatifs<\/p>\n<\/div>\n<\/div>\n<\/div>\n\n\n\n<div class=\"wp-block-columns is-layout-flex wp-container-core-columns-is-layout-f75fd3cf wp-block-columns-is-layout-flex\" style=\"padding-top:var(--wp--preset--spacing--60)\">\n<div class=\"wp-block-column has-box-shadow is-layout-flow wp-block-column-is-layout-flow\" style=\"border-radius:15px;padding-top:var(--wp--preset--spacing--60);padding-right:var(--wp--preset--spacing--60);padding-bottom:var(--wp--preset--spacing--60);padding-left:var(--wp--preset--spacing--60)\">\n<h2 class=\"wp-block-heading has-text-color has-link-color wp-elements-71d9ce50083fa36c664b8f7fc5135d49\" style=\"color:#003a36;margin-top:var(--wp--preset--spacing--40);margin-bottom:var(--wp--preset--spacing--40);font-size:clamp(15.747px, 0.984rem + ((1vw - 3.2px) * 0.842), 24px);font-style:normal;font-weight:700\">Types de travaux produits<\/h2>\n\n\n\n<div class=\"wp-block-group has-global-padding is-layout-constrained wp-container-core-group-is-layout-94e0f4c8 wp-block-group-is-layout-constrained\" style=\"padding-top:var(--wp--preset--spacing--20)\">\n<p class=\"list\">\u00c9tudes sectorielles et diagnostics industriels<\/p>\n\n\n\n<p class=\"list\">Feuilles de route industrielles et technologiques<\/p>\n\n\n\n<p class=\"list\">Benchmarks internationaux et analyses comparatives<\/p>\n\n\n\n<p class=\"list\">Notes strat\u00e9giques et recommandations industrielles<\/p>\n\n\n\n<p class=\"list\">Contributions aux politiques d\u2019industrialisation<\/p>\n<\/div>\n<\/div>\n<\/div>\n\n\n\n<div class=\"wp-block-columns is-layout-flex wp-container-core-columns-is-layout-f75fd3cf wp-block-columns-is-layout-flex\" style=\"padding-top:var(--wp--preset--spacing--60)\">\n<div class=\"wp-block-column has-box-shadow is-layout-flow wp-block-column-is-layout-flow\" style=\"border-radius:15px;padding-top:var(--wp--preset--spacing--60);padding-right:var(--wp--preset--spacing--60);padding-bottom:var(--wp--preset--spacing--60);padding-left:var(--wp--preset--spacing--60)\">\n<h2 class=\"wp-block-heading has-text-color has-link-color wp-elements-35ce71adf3d39eb007c6ee51f199eea9\" style=\"color:#003a36;margin-top:var(--wp--preset--spacing--40);margin-bottom:var(--wp--preset--spacing--40);font-size:clamp(15.747px, 0.984rem + ((1vw - 3.2px) * 0.842), 24px);font-style:normal;font-weight:700\">Impact attendu<\/h2>\n\n\n\n<div class=\"wp-block-group has-global-padding is-layout-constrained wp-container-core-group-is-layout-94e0f4c8 wp-block-group-is-layout-constrained\" style=\"padding-top:var(--wp--preset--spacing--20)\">\n<p class=\"list\">Renforcement des capacit\u00e9s nationales de production<\/p>\n\n\n\n<p class=\"list\">Modernisation durable du tissu industriel<\/p>\n\n\n\n<p class=\"list\">Am\u00e9lioration de la comp\u00e9titivit\u00e9 et de la productivit\u00e9<\/p>\n\n\n\n<p class=\"list\">R\u00e9duction des d\u00e9pendances technologiques critiques<\/p>\n\n\n\n<p class=\"list\">Soutien \u00e0 une industrialisation innovante et r\u00e9siliente<\/p>\n<\/div>\n<\/div>\n<\/div>\n\n\n<\/div>\n<\/main>\n","protected":false},"excerpt":{"rendered":"<p>Pr\u00e9sentation L\u2019\u00e9nergie et l\u2019industrie constituent des piliers indissociables de la souverainet\u00e9 \u00e9conomique, de la s\u00e9curit\u00e9 nationale et du d\u00e9veloppement durable.<\/p>\n","protected":false},"author":1,"featured_media":0,"parent":0,"menu_order":0,"comment_status":"closed","ping_status":"closed","template":"","meta":{"_eb_attr":"","_uag_custom_page_level_css":"","footnotes":""},"class_list":["post-140","page","type-page","status-publish","hentry"],"uagb_featured_image_src":{"full":false,"thumbnail":false,"medium":false,"medium_large":false,"large":false,"1536x1536":false,"2048x2048":false},"uagb_author_info":{"display_name":"ASTT_Admin","author_link":"https:\/\/astt-dz.com\/author\/astt_admin\/"},"uagb_comment_info":0,"uagb_excerpt":"Pr\u00e9sentation L\u2019\u00e9nergie et l\u2019industrie constituent des piliers indissociables de la souverainet\u00e9 \u00e9conomique, de la s\u00e9curit\u00e9 nationale et du d\u00e9veloppement durable.","_links":{"self":[{"href":"https:\/\/astt-dz.com\/index.php\/wp-json\/wp\/v2\/pages\/140","targetHints":{"allow":["GET"]}}],"collection":[{"href":"https:\/\/astt-dz.com\/index.php\/wp-json\/wp\/v2\/pages"}],"about":[{"href":"https:\/\/astt-dz.com\/index.php\/wp-json\/wp\/v2\/types\/page"}],"author":[{"embeddable":true,"href":"https:\/\/astt-dz.com\/index.php\/wp-json\/wp\/v2\/users\/1"}],"replies":[{"embeddable":true,"href":"https:\/\/astt-dz.com\/index.php\/wp-json\/wp\/v2\/comments?post=140"}],"version-history":[{"count":5,"href":"https:\/\/astt-dz.com\/index.php\/wp-json\/wp\/v2\/pages\/140\/revisions"}],"predecessor-version":[{"id":351,"href":"https:\/\/astt-dz.com\/index.php\/wp-json\/wp\/v2\/pages\/140\/revisions\/351"}],"wp:attachment":[{"href":"https:\/\/astt-dz.com\/index.php\/wp-json\/wp\/v2\/media?parent=140"}],"curies":[{"name":"wp","href":"https:\/\/api.w.org\/{rel}","templated":true}]}}