{"id":135,"date":"2025-12-27T21:30:06","date_gmt":"2025-12-27T21:30:06","guid":{"rendered":"https:\/\/astt-dz.com\/?page_id=135"},"modified":"2026-01-02T18:33:33","modified_gmt":"2026-01-02T18:33:33","slug":"axe-5","status":"publish","type":"page","link":"http:\/\/astt-dz.com\/index.php\/axe-5\/","title":{"rendered":"Transformation Num\u00e9rique &amp; Intelligence Artificielle"},"content":{"rendered":"\n<main class=\"wp-block-group craftify-best-selling has-global-padding is-layout-constrained wp-container-core-group-is-layout-56abcb66 wp-block-group-is-layout-constrained\" style=\"margin-top:0;margin-bottom:0;padding-top:var(--wp--preset--spacing--80);padding-right:var(--wp--preset--spacing--20);padding-bottom:var(--wp--preset--spacing--80);padding-left:var(--wp--preset--spacing--20)\">\n<div class=\"wp-block-columns is-layout-flex wp-container-core-columns-is-layout-f75fd3cf wp-block-columns-is-layout-flex\" style=\"padding-top:var(--wp--preset--spacing--60)\">\n<div class=\"wp-block-column has-box-shadow is-layout-flow wp-block-column-is-layout-flow\" style=\"border-radius:15px;padding-top:var(--wp--preset--spacing--60);padding-right:var(--wp--preset--spacing--60);padding-bottom:var(--wp--preset--spacing--60);padding-left:var(--wp--preset--spacing--60)\">\n<h2 class=\"wp-block-heading has-text-color has-link-color wp-elements-ea86602a07496266f3a7c95e9f04fae5\" style=\"color:#003a36;margin-top:var(--wp--preset--spacing--40);margin-bottom:var(--wp--preset--spacing--40);font-size:clamp(15.747px, 0.984rem + ((1vw - 3.2px) * 0.842), 24px);font-style:normal;font-weight:700\">Pr\u00e9sentation<\/h2>\n\n\n\n<div class=\"wp-block-group has-global-padding is-layout-constrained wp-container-core-group-is-layout-94e0f4c8 wp-block-group-is-layout-constrained\" style=\"padding-top:var(--wp--preset--spacing--20)\">\n<p><span class=\"has-superb-addons-text-align-justify\">Le num\u00e9rique et l\u2019intelligence artificielle constituent aujourd\u2019hui des leviers majeurs de souverainet\u00e9, de comp\u00e9titivit\u00e9 \u00e9conomique et de s\u00e9curit\u00e9 nationale.<br>Cet axe vise \u00e0 analyser, structurer et accompagner le d\u00e9veloppement de capacit\u00e9s num\u00e9riques et technologiques souveraines, en s\u2019appuyant sur la science des donn\u00e9es, l\u2019intelligence artificielle et des infrastructures num\u00e9riques strat\u00e9giques.<\/span><\/p>\n\n\n\n<p><span class=\"has-superb-addons-text-align-justify\">L\u2019ASTT mobilise une approche int\u00e9gr\u00e9e combinant <strong>prospective strat\u00e9gique<\/strong>, <strong>analyse technologique<\/strong>, <strong>\u00e9valuation des politiques publiques<\/strong> et <strong>recommandations op\u00e9rationnelles<\/strong>.<\/span><\/p>\n<\/div>\n<\/div>\n<\/div>\n\n\n\n<div class=\"wp-block-columns is-layout-flex wp-container-core-columns-is-layout-f75fd3cf wp-block-columns-is-layout-flex\" style=\"padding-top:var(--wp--preset--spacing--60)\">\n<div class=\"wp-block-column has-box-shadow is-layout-flow wp-block-column-is-layout-flow\" style=\"border-radius:15px;padding-top:var(--wp--preset--spacing--60);padding-right:var(--wp--preset--spacing--60);padding-bottom:var(--wp--preset--spacing--60);padding-left:var(--wp--preset--spacing--60)\">\n<h2 class=\"wp-block-heading has-text-color has-link-color wp-elements-9cce04a353c2e60748e3f9d09f7f80fb\" style=\"color:#003a36;margin-top:var(--wp--preset--spacing--40);margin-bottom:var(--wp--preset--spacing--40);font-size:clamp(15.747px, 0.984rem + ((1vw - 3.2px) * 0.842), 24px);font-style:normal;font-weight:700\">Objectifs strat\u00e9giques<\/h2>\n\n\n\n<div class=\"wp-block-group has-global-padding is-layout-constrained wp-container-core-group-is-layout-94e0f4c8 wp-block-group-is-layout-constrained\" style=\"padding-top:var(--wp--preset--spacing--20)\">\n<p class=\"list\">Renforcer la souverainet\u00e9 num\u00e9rique et technologique nationale<\/p>\n\n\n\n<p class=\"list\">D\u00e9velopper des capacit\u00e9s locales en intelligence artificielle et en science des donn\u00e9es<\/p>\n\n\n\n<p class=\"list\">Structurer des infrastructures num\u00e9riques critiques et r\u00e9silientes<\/p>\n\n\n\n<p class=\"list\">Am\u00e9liorer la gouvernance, la s\u00e9curit\u00e9 et la valorisation des donn\u00e9es publiques<\/p>\n\n\n\n<p class=\"list\">Soutenir la prise de d\u00e9cision publique fond\u00e9e sur l\u2019analyse des donn\u00e9es<\/p>\n<\/div>\n<\/div>\n<\/div>\n\n\n\n<div class=\"wp-block-group has-global-padding is-layout-constrained wp-container-core-group-is-layout-526627f6 wp-block-group-is-layout-constrained\" style=\"padding-top:var(--wp--preset--spacing--80);padding-right:var(--wp--preset--spacing--30);padding-bottom:var(--wp--preset--spacing--80);padding-left:var(--wp--preset--spacing--30)\">\n<h2 class=\"wp-block-heading has-text-align-center\" style=\"font-size:clamp(20px, 1.25rem + ((1vw - 3.2px) * 1.224), 32px);\"><mark style=\"background-color:rgba(0, 0, 0, 0)\" class=\"has-inline-color has-theme-color\">Th\u00e9matiques de recherche<\/mark><\/h2>\n\n\n\n<div class=\"wp-block-columns is-layout-flex wp-container-core-columns-is-layout-f75fd3cf wp-block-columns-is-layout-flex\" style=\"padding-top:var(--wp--preset--spacing--60)\">\n<div class=\"wp-block-column has-box-shadow is-layout-flow wp-block-column-is-layout-flow\" style=\"border-radius:15px;padding-top:var(--wp--preset--spacing--60);padding-right:var(--wp--preset--spacing--60);padding-bottom:var(--wp--preset--spacing--60);padding-left:var(--wp--preset--spacing--60)\">\n<div class=\"wp-block-group is-nowrap is-layout-flex wp-container-core-group-is-layout-6c531013 wp-block-group-is-layout-flex\">\n<div class=\"wp-block-group has-background has-global-padding is-layout-constrained wp-container-core-group-is-layout-52009084 wp-block-group-is-layout-constrained\" style=\"border-radius:16px;background-color:#e6f2f1;padding-top:var(--wp--preset--spacing--40);padding-right:var(--wp--preset--spacing--40);padding-bottom:var(--wp--preset--spacing--40);padding-left:var(--wp--preset--spacing--40)\">\n<figure class=\"wp-block-image size-full is-resized wp-duotone-rgb2410297-7f7f7f-1\"><img decoding=\"async\" src=\"https:\/\/astt-dz.com\/wp-content\/themes\/bizora\/assets\/images\/service-5.png\" alt=\"\" class=\"wp-image-1475\" style=\"width:42px;height:auto\"\/><\/figure>\n<\/div>\n<\/div>\n\n\n\n<h2 class=\"wp-block-heading has-text-color has-link-color wp-elements-3b0d5a7b369dd8e54bc08442882fdf64\" style=\"color:#003a36;margin-top:var(--wp--preset--spacing--40);margin-bottom:var(--wp--preset--spacing--40);font-size:clamp(15.747px, 0.984rem + ((1vw - 3.2px) * 0.842), 24px);font-style:normal;font-weight:700\">Intelligence artificielle &amp; Data Science<\/h2>\n\n\n\n<div class=\"wp-block-group has-global-padding is-layout-constrained wp-container-core-group-is-layout-94e0f4c8 wp-block-group-is-layout-constrained\" style=\"padding-top:var(--wp--preset--spacing--20)\">\n<p class=\"list\">Algorithmes d\u2019IA et apprentissage automatique<\/p>\n\n\n\n<p class=\"list\">Analyse avanc\u00e9e des donn\u00e9es et big data<\/p>\n\n\n\n<p class=\"list\">IA pour l\u2019aide \u00e0 la d\u00e9cision publique<\/p>\n\n\n\n<p class=\"list\">IA responsable, explicable et \u00e9thique<\/p>\n<\/div>\n<\/div>\n\n\n\n<div class=\"wp-block-column has-box-shadow is-layout-flow wp-block-column-is-layout-flow\" style=\"border-radius:15px;padding-top:var(--wp--preset--spacing--60);padding-right:var(--wp--preset--spacing--60);padding-bottom:var(--wp--preset--spacing--60);padding-left:var(--wp--preset--spacing--60)\">\n<div class=\"wp-block-group is-nowrap is-layout-flex wp-container-core-group-is-layout-6c531013 wp-block-group-is-layout-flex\">\n<div class=\"wp-block-group has-background has-global-padding is-layout-constrained wp-container-core-group-is-layout-52009084 wp-block-group-is-layout-constrained\" style=\"border-radius:16px;background-color:#e6f2f1;padding-top:var(--wp--preset--spacing--40);padding-right:var(--wp--preset--spacing--40);padding-bottom:var(--wp--preset--spacing--40);padding-left:var(--wp--preset--spacing--40)\">\n<figure class=\"wp-block-image size-full is-resized wp-duotone-rgb2410297-7f7f7f-2\"><img decoding=\"async\" src=\"https:\/\/astt-dz.com\/wp-content\/themes\/bizora\/assets\/images\/service-4.png\" alt=\"\" class=\"wp-image-1474\" style=\"width:42px;height:auto\"\/><\/figure>\n<\/div>\n<\/div>\n\n\n\n<h2 class=\"wp-block-heading has-text-color has-link-color wp-elements-5578c87ef1898497aa4f3d262e42d0f0\" style=\"color:#003a36;margin-top:var(--wp--preset--spacing--40);margin-bottom:var(--wp--preset--spacing--40);font-size:clamp(15.747px, 0.984rem + ((1vw - 3.2px) * 0.842), 24px);font-style:normal;font-weight:700\">Cybers\u00e9curit\u00e9 &amp; protection des donn\u00e9es<\/h2>\n\n\n\n<div class=\"wp-block-group has-global-padding is-layout-constrained wp-container-core-group-is-layout-94e0f4c8 wp-block-group-is-layout-constrained\" style=\"padding-top:var(--wp--preset--spacing--20)\">\n<p class=\"list\">S\u00e9curit\u00e9 des syst\u00e8mes d\u2019information<\/p>\n\n\n\n<p class=\"list\">Protection des donn\u00e9es sensibles et strat\u00e9giques<\/p>\n\n\n\n<p class=\"list\">R\u00e9silience des infrastructures num\u00e9riques<\/p>\n\n\n\n<p class=\"list\">Politiques nationales de cybers\u00e9curit\u00e9<\/p>\n<\/div>\n<\/div>\n<\/div>\n\n\n\n<div class=\"wp-block-columns is-layout-flex wp-container-core-columns-is-layout-f75fd3cf wp-block-columns-is-layout-flex\" style=\"padding-top:var(--wp--preset--spacing--60)\">\n<div class=\"wp-block-column has-box-shadow is-layout-flow wp-block-column-is-layout-flow\" style=\"border-radius:15px;padding-top:var(--wp--preset--spacing--60);padding-right:var(--wp--preset--spacing--60);padding-bottom:var(--wp--preset--spacing--60);padding-left:var(--wp--preset--spacing--60)\">\n<div class=\"wp-block-group is-nowrap is-layout-flex wp-container-core-group-is-layout-6c531013 wp-block-group-is-layout-flex\">\n<div class=\"wp-block-group has-background has-global-padding is-layout-constrained wp-container-core-group-is-layout-52009084 wp-block-group-is-layout-constrained\" style=\"border-radius:16px;background-color:#e6f2f1;padding-top:var(--wp--preset--spacing--40);padding-right:var(--wp--preset--spacing--40);padding-bottom:var(--wp--preset--spacing--40);padding-left:var(--wp--preset--spacing--40)\">\n<figure class=\"wp-block-image size-full is-resized wp-duotone-rgb2410297-7f7f7f-3\"><img decoding=\"async\" src=\"https:\/\/astt-dz.com\/wp-content\/themes\/bizora\/assets\/images\/service-1.png\" alt=\"\" class=\"wp-image-1452\" style=\"width:42px;height:auto\"\/><\/figure>\n<\/div>\n<\/div>\n\n\n\n<h2 class=\"wp-block-heading has-text-color has-link-color wp-elements-a07492790a8c64cc52be30fd72870c15\" style=\"color:#003a36;margin-top:var(--wp--preset--spacing--40);margin-bottom:var(--wp--preset--spacing--40);font-size:clamp(15.747px, 0.984rem + ((1vw - 3.2px) * 0.842), 24px);font-style:normal;font-weight:700\">Infrastructures num\u00e9riques &amp; cloud souverain<\/h2>\n\n\n\n<div class=\"wp-block-group has-global-padding is-layout-constrained wp-container-core-group-is-layout-94e0f4c8 wp-block-group-is-layout-constrained\" style=\"padding-top:var(--wp--preset--spacing--20)\">\n<p class=\"list\">Architectures cloud souveraines<\/p>\n\n\n\n<p class=\"list\">Plateformes num\u00e9riques nationales<\/p>\n\n\n\n<p class=\"list\">Centres de donn\u00e9es et edge computing<\/p>\n\n\n\n<p class=\"list\">Interop\u00e9rabilit\u00e9 et standards technologiques<\/p>\n<\/div>\n<\/div>\n\n\n\n<div class=\"wp-block-column has-box-shadow is-layout-flow wp-block-column-is-layout-flow\" style=\"border-radius:15px;padding-top:var(--wp--preset--spacing--60);padding-right:var(--wp--preset--spacing--60);padding-bottom:var(--wp--preset--spacing--60);padding-left:var(--wp--preset--spacing--60)\">\n<div class=\"wp-block-group is-nowrap is-layout-flex wp-container-core-group-is-layout-6c531013 wp-block-group-is-layout-flex\">\n<div class=\"wp-block-group has-background has-global-padding is-layout-constrained wp-container-core-group-is-layout-52009084 wp-block-group-is-layout-constrained\" style=\"border-radius:16px;background-color:#e6f2f1;padding-top:var(--wp--preset--spacing--40);padding-right:var(--wp--preset--spacing--40);padding-bottom:var(--wp--preset--spacing--40);padding-left:var(--wp--preset--spacing--40)\">\n<figure class=\"wp-block-image size-full is-resized wp-duotone-rgb2410297-7f7f7f-4\"><img decoding=\"async\" src=\"https:\/\/astt-dz.com\/wp-content\/themes\/bizora\/assets\/images\/service-2.png\" alt=\"\" class=\"wp-image-1472\" style=\"width:42px;height:auto\"\/><\/figure>\n<\/div>\n<\/div>\n\n\n\n<h2 class=\"wp-block-heading has-text-color has-link-color wp-elements-4cc6bd51dcd00650ed67bc9b89f24abb\" style=\"color:#003a36;margin-top:var(--wp--preset--spacing--40);margin-bottom:var(--wp--preset--spacing--40);font-size:clamp(15.747px, 0.984rem + ((1vw - 3.2px) * 0.842), 24px);font-style:normal;font-weight:700\">Gouvernance des donn\u00e9es publiques<\/h2>\n\n\n\n<div class=\"wp-block-group has-global-padding is-layout-constrained wp-container-core-group-is-layout-94e0f4c8 wp-block-group-is-layout-constrained\" style=\"padding-top:var(--wp--preset--spacing--20)\">\n<p class=\"list\">Strat\u00e9gies nationales de donn\u00e9es<\/p>\n\n\n\n<p class=\"list\">Open data et valorisation des donn\u00e9es publiques<\/p>\n\n\n\n<p class=\"list\">Cadres r\u00e9glementaires et institutionnels<\/p>\n\n\n\n<p class=\"list\">Interop\u00e9rabilit\u00e9 des syst\u00e8mes publics<\/p>\n<\/div>\n<\/div>\n<\/div>\n\n\n\n<div class=\"wp-block-columns is-layout-flex wp-container-core-columns-is-layout-f75fd3cf wp-block-columns-is-layout-flex\" style=\"padding-top:var(--wp--preset--spacing--60)\">\n<div class=\"wp-block-column has-box-shadow is-layout-flow wp-block-column-is-layout-flow\" style=\"border-radius:15px;padding-top:var(--wp--preset--spacing--60);padding-right:var(--wp--preset--spacing--60);padding-bottom:var(--wp--preset--spacing--60);padding-left:var(--wp--preset--spacing--60)\">\n<h2 class=\"wp-block-heading has-text-color has-link-color wp-elements-71d9ce50083fa36c664b8f7fc5135d49\" style=\"color:#003a36;margin-top:var(--wp--preset--spacing--40);margin-bottom:var(--wp--preset--spacing--40);font-size:clamp(15.747px, 0.984rem + ((1vw - 3.2px) * 0.842), 24px);font-style:normal;font-weight:700\">Types de travaux produits<\/h2>\n\n\n\n<div class=\"wp-block-group has-global-padding is-layout-constrained wp-container-core-group-is-layout-94e0f4c8 wp-block-group-is-layout-constrained\" style=\"padding-top:var(--wp--preset--spacing--20)\">\n<p class=\"list\">Rapports strat\u00e9giques et \u00e9tudes de r\u00e9f\u00e9rence<\/p>\n\n\n\n<p class=\"list\">Notes de prospective et sc\u00e9narios technologiques<\/p>\n\n\n\n<p class=\"list\">Recommandations de politiques publiques<\/p>\n\n\n\n<p class=\"list\">Benchmarks internationaux et analyses comparatives<\/p>\n\n\n\n<p class=\"list\">Contributions \u00e0 la normalisation et \u00e0 l\u2019\u00e9thique num\u00e9rique<\/p>\n<\/div>\n<\/div>\n<\/div>\n\n\n\n<div class=\"wp-block-columns is-layout-flex wp-container-core-columns-is-layout-f75fd3cf wp-block-columns-is-layout-flex\" style=\"padding-top:var(--wp--preset--spacing--60)\">\n<div class=\"wp-block-column has-box-shadow is-layout-flow wp-block-column-is-layout-flow\" style=\"border-radius:15px;padding-top:var(--wp--preset--spacing--60);padding-right:var(--wp--preset--spacing--60);padding-bottom:var(--wp--preset--spacing--60);padding-left:var(--wp--preset--spacing--60)\">\n<h2 class=\"wp-block-heading has-text-color has-link-color wp-elements-35ce71adf3d39eb007c6ee51f199eea9\" style=\"color:#003a36;margin-top:var(--wp--preset--spacing--40);margin-bottom:var(--wp--preset--spacing--40);font-size:clamp(15.747px, 0.984rem + ((1vw - 3.2px) * 0.842), 24px);font-style:normal;font-weight:700\">Impact attendu<\/h2>\n\n\n\n<div class=\"wp-block-group has-global-padding is-layout-constrained wp-container-core-group-is-layout-94e0f4c8 wp-block-group-is-layout-constrained\" style=\"padding-top:var(--wp--preset--spacing--20)\">\n<p class=\"list\">Meilleure autonomie technologique et num\u00e9rique<\/p>\n\n\n\n<p class=\"list\">Renforcement des capacit\u00e9s nationales en IA et data<\/p>\n\n\n\n<p class=\"list\">D\u00e9cisions publiques plus efficaces et fond\u00e9es sur l\u2019\u00e9vidence<\/p>\n\n\n\n<p class=\"list\">S\u00e9curisation et valorisation du patrimoine num\u00e9rique national<\/p>\n<\/div>\n<\/div>\n<\/div>\n\n\n<\/div>\n<\/main>\n","protected":false},"excerpt":{"rendered":"<p>Pr\u00e9sentation Le num\u00e9rique et l\u2019intelligence artificielle constituent aujourd\u2019hui des leviers majeurs de souverainet\u00e9, de comp\u00e9titivit\u00e9 \u00e9conomique et de s\u00e9curit\u00e9 nationale.Cet<\/p>\n","protected":false},"author":1,"featured_media":0,"parent":0,"menu_order":0,"comment_status":"closed","ping_status":"closed","template":"","meta":{"_eb_attr":"","_uag_custom_page_level_css":"","footnotes":""},"class_list":["post-135","page","type-page","status-publish","hentry"],"uagb_featured_image_src":{"full":false,"thumbnail":false,"medium":false,"medium_large":false,"large":false,"1536x1536":false,"2048x2048":false},"uagb_author_info":{"display_name":"ASTT_Admin","author_link":"http:\/\/astt-dz.com\/author\/astt_admin\/"},"uagb_comment_info":0,"uagb_excerpt":"Pr\u00e9sentation Le num\u00e9rique et l\u2019intelligence artificielle constituent aujourd\u2019hui des leviers majeurs de souverainet\u00e9, de comp\u00e9titivit\u00e9 \u00e9conomique et de s\u00e9curit\u00e9 nationale.Cet","_links":{"self":[{"href":"http:\/\/astt-dz.com\/index.php\/wp-json\/wp\/v2\/pages\/135","targetHints":{"allow":["GET"]}}],"collection":[{"href":"http:\/\/astt-dz.com\/index.php\/wp-json\/wp\/v2\/pages"}],"about":[{"href":"http:\/\/astt-dz.com\/index.php\/wp-json\/wp\/v2\/types\/page"}],"author":[{"embeddable":true,"href":"http:\/\/astt-dz.com\/index.php\/wp-json\/wp\/v2\/users\/1"}],"replies":[{"embeddable":true,"href":"http:\/\/astt-dz.com\/index.php\/wp-json\/wp\/v2\/comments?post=135"}],"version-history":[{"count":9,"href":"http:\/\/astt-dz.com\/index.php\/wp-json\/wp\/v2\/pages\/135\/revisions"}],"predecessor-version":[{"id":449,"href":"http:\/\/astt-dz.com\/index.php\/wp-json\/wp\/v2\/pages\/135\/revisions\/449"}],"wp:attachment":[{"href":"http:\/\/astt-dz.com\/index.php\/wp-json\/wp\/v2\/media?parent=135"}],"curies":[{"name":"wp","href":"https:\/\/api.w.org\/{rel}","templated":true}]}}